{"id":21690,"date":"2021-11-01T22:02:43","date_gmt":"2021-11-01T21:02:43","guid":{"rendered":"https:\/\/primevestcp.com\/about\/strategie\/"},"modified":"2025-02-04T15:08:22","modified_gmt":"2025-02-04T14:08:22","slug":"strategie","status":"publish","type":"page","link":"https:\/\/primevestcp.com\/de\/about\/strategie\/","title":{"rendered":"Strategie"},"content":{"rendered":"<p>Demographische, wirtschaftliche, soziale, technologische und \u00f6kologische Ver\u00e4nderungen bestimmen nicht nur die Entwicklung unseres st\u00e4dtischen Bereichs, sondern gestalten entscheidend die Art und Weise wie wir leben, arbeiten und unsere Freizeit verbringen, um.<\/p>\n<p>Im Jahr 2018 lebtenlaut dem Bericht \u201eUN World Urbanisation Prospects\u201c nahezu \u00be der Bev\u00f6lkerung in Europa in Ballungsgebieten. Demnach ist mit einer Urbanisierung von 80 % im Jahr 2040 und fast 85 % im Jahr 2050 zu rechnen. Dieser Trend in der Stadtentwicklung zieht eine h\u00f6here Dichte der Population mit gr\u00f6\u00dferen Anforderungen an nat\u00fcrliche Ressourcen nach sich und bewirkt eine gesteigerte Altersstruktur der Stadtbewohner und mehr Single-Haushalten. Gleichzeitig legen Investoren zunehmend Wert auf die Faktoren Umwelt, Soziales und Unternehmensf\u00fchrung (ESG-Kriterien). Einer Einsch\u00e4tzung der Unternehmensberatung PWC zufolge werden 60 % der Fondsmanager diese Kriterien bei ihren Investitionen ber\u00fccksichtigen.Sogar 77 % der institutionellen Investoren wollen keine Sachwerte erwerben, die diese Kriterien nicht bis 2022 erf\u00fcllen k\u00f6nnen. Unsere Investmentstrategien werden dem Wandel der st\u00e4dtischen Realit\u00e4t und den zukunftsorientierten Anspr\u00fcchen unserer Investoren gerecht.<\/p>\n<p>Die dreifache Herausforderung der zunehmenden Urbanisierung stellt sich wie folgt dar:<\/p>\n<ul>\n<li>Erschwinglichkeit<\/li>\n<li>Verknappung bebaubarer Fl\u00e4chen<\/li>\n<li>Optimaler Internet-Zugang<\/li>\n<\/ul>\n<p>Primevest stellt sich diesen Herausforderungen, indem wir zeitgem\u00e4\u00dfen, bezahlbaren Wohnraum zur Verf\u00fcgung stellen, private innerst\u00e4dtische Stellpl\u00e4tze erm\u00f6glichen, die den \u00f6ffentlichen Stadtraum entlasten und in hochwertige Kommunikationsinfrastrukturen investieren.<\/p>\n<p><!--more--><\/p>\n<p><strong>Wohnen \u2013 modernes, bezahlbares Wohnen erm\u00f6glichen<\/strong><br \/>\nDas Leben in der Stadt wird neu definiert, da unsere St\u00e4dte dynamischer und internationaler werden. Und auch wenn wir nicht wissen, wie langfristig die Auswirkungen der COVID-19-Pandemie sein werden, so entwickelt sich unsere Art zu leben und zu arbeiten weiter. Es entstehen neue Wohnkonzepte, zum Beispiel gibt es eine Verlagerung hin zu kleineren Wohnungen f\u00fcr Berufseinsteiger und Ein-Personen-Haushalte. Wohnsiedlungen f\u00fcr Familien beinhalten zunehmend gemeinsame Einrichtungen wie Einzelhandels- und Freizeiteinrichtungen, Kinderg\u00e4rten und Arbeitszentren. Neue Komplexe mit medizinischen und pflegerischen Einrichtungen vor Ort ersetzen Pflegeheime, damit \u00e4ltere Menschen l\u00e4nger in ihren H\u00e4usern leben k\u00f6nnen.<\/p>\n<p>In den dicht besiedelten St\u00e4dten Europas werden modernste Technologien, wie etwa das \u201eInternet der Dinge\u201d, immer wichtiger. Dadurch wird der Energieverbrauch gesenkt, den wir ben\u00f6tigen, um unsere H\u00e4user zu betreiben oder auch unsere Unterhaltung zu streamen. Wom\u00f6glich gibt es zuk\u00fcnftig eine technische M\u00f6glichkeit, auch unsere Gesundheit zu \u00fcberwachen. Diese technologischen Fortschritte treiben auch die Entwicklung unserer St\u00e4dte voran.<\/p>\n<p><strong>Kommunikationsinfrastruktur \u2013 Schnelles Internet erm\u00f6glichen<br \/>\n<\/strong>Technologie spielt zweifellos eine zentrale Rolle bei der Entwicklung zuk\u00fcnftiger St\u00e4dte und unser Ziel ist es, die Vernetzung durch Investitionen in die Kommunikationsinfrastruktur wie Kabel, Antennen, \u201eintelligente Laternenmasten&#8220; und Rechenzentren zu erm\u00f6glichen. Diese Infrastruktur bildet die digitale Autobahn, \u00fcber die Daten \u00fcbertragen werden. Da wir immer mehr verbrauchen, m\u00fcssen die Investitionen im gleichen Ma\u00dfe steigen. In ganz Europa werden sch\u00e4tzungsweise xx Mrd. \u20ac an Investitionen in die Kommunikationsinfrastruktur ben\u00f6tigt, um die Netzwerke zu modernisieren und eine bessere Vernetzung f\u00fcr alle zu erm\u00f6glichen.<\/p>\n<p>Nachhaltigkeit ist mit diesem Konzept durch den Einsatz von modernen Glasfaserkabeln verkn\u00fcpft, die das Hauptkommunikationsnetz unserer St\u00e4dte bilden, weitaus mehr Daten \u00fcbertragen k\u00f6nnen und viel energieeffizienter sind als herk\u00f6mmliche Kupferkabel. In der entstehenden neuen Stadtlandschaft wird die \u00e4lteste Technologie auf der Stra\u00dfe zum intelligenten Laternenmast, der zum Aufladen von Elektroautos verwendet wird oder zum Daten\u00fcbertragungsmast, der die \u00dcberwachung und Reduzierung des Energieverbrauchs erleichtert.<\/p>\n<p><strong>Parkh\u00e4user \u2013 Mobilit\u00e4t erm\u00f6glichen<br \/>\n<\/strong>Wir sehen bereits, wie sich unsere Parkhaus-Investments von einfachen Garagen zu Mobilit\u00e4tszentren mit mehreren Nutzungsm\u00f6glichkeiten entwickeln. Datenknoten, Ladestationen, E-Commerce-Abholzentren und Catering-Lieferzentren machen Parkh\u00e4user zu einer wesentlichen st\u00e4dtischen Infrastruktur. Diese Mobilit\u00e4tsdrehscheiben unterst\u00fctzen die Stadtverwaltungen bei ihrem Ziel, die Zufahrt mit dem Pkw in die Innenst\u00e4dte zu reduzieren und durch umweltfreundlichere Alternativen zu ersetzen.<\/p>\n<p>Neue Links zu mobilen Apps von intelligenten Laternenmasten helfen Menschen und vielleicht in Zukunft auch selbstfahrenden Autos, Parkpl\u00e4tze effizienter zu finden und so Staus und Schadstoffemissionen zu reduzieren.<\/p>\n","protected":false},"excerpt":{"rendered":"<p>Demographische, wirtschaftliche, soziale, technologische und \u00f6kologische Ver\u00e4nderungen bestimmen nicht nur die Entwicklung unseres st\u00e4dtischen Bereichs, sondern gestalten entscheidend die Art und Weise wie wir leben, arbeiten und unsere Freizeit verbringen, um. Im Jahr 2018 lebtenlaut dem Bericht \u201eUN World Urbanisation Prospects\u201c nahezu \u00be der Bev\u00f6lkerung in Europa in Ballungsgebieten. Demnach ist mit einer Urbanisierung von [&hellip;]<\/p>\n","protected":false},"author":8,"featured_media":19559,"parent":474,"menu_order":0,"comment_status":"closed","ping_status":"closed","template":"","meta":{"_acf_changed":false,"footnotes":""},"class_list":["post-21690","page","type-page","status-publish","has-post-thumbnail","hentry"],"acf":[],"aioseo_notices":[],"_links":{"self":[{"href":"https:\/\/primevestcp.com\/de\/wp-json\/wp\/v2\/pages\/21690","targetHints":{"allow":["GET"]}}],"collection":[{"href":"https:\/\/primevestcp.com\/de\/wp-json\/wp\/v2\/pages"}],"about":[{"href":"https:\/\/primevestcp.com\/de\/wp-json\/wp\/v2\/types\/page"}],"author":[{"embeddable":true,"href":"https:\/\/primevestcp.com\/de\/wp-json\/wp\/v2\/users\/8"}],"replies":[{"embeddable":true,"href":"https:\/\/primevestcp.com\/de\/wp-json\/wp\/v2\/comments?post=21690"}],"version-history":[{"count":1,"href":"https:\/\/primevestcp.com\/de\/wp-json\/wp\/v2\/pages\/21690\/revisions"}],"predecessor-version":[{"id":21692,"href":"https:\/\/primevestcp.com\/de\/wp-json\/wp\/v2\/pages\/21690\/revisions\/21692"}],"up":[{"embeddable":true,"href":"https:\/\/primevestcp.com\/de\/wp-json\/wp\/v2\/pages\/474"}],"wp:featuredmedia":[{"embeddable":true,"href":"https:\/\/primevestcp.com\/de\/wp-json\/wp\/v2\/media\/19559"}],"wp:attachment":[{"href":"https:\/\/primevestcp.com\/de\/wp-json\/wp\/v2\/media?parent=21690"}],"curies":[{"name":"wp","href":"https:\/\/api.w.org\/{rel}","templated":true}]}}