{"id":22021,"date":"2021-11-05T16:20:55","date_gmt":"2021-11-05T15:20:55","guid":{"rendered":"https:\/\/primevestcp.com\/?page_id=22021"},"modified":"2025-01-27T10:03:17","modified_gmt":"2025-01-27T09:03:17","slug":"investorenservice","status":"publish","type":"page","link":"https:\/\/primevestcp.com\/de\/investorenservice\/","title":{"rendered":"Investorenservice"},"content":{"rendered":"<p>Die BIM Treuhand NewCo GmbH ist Ihr erster Ansprechpartner bei allen Fragen rund um Ihre geschlossene Beteiligung. Sie vertritt Ihre Interessen w\u00e4hrend der gesamten Laufzeit des Investments auf Grundlage des jeweils abgeschlossenen Treuhand- und Verwaltungsvertrags. Zu ihren Aufgaben z\u00e4hlen die regelm\u00e4\u00dfige \u00dcbersendung von Informationen \u00fcber die wirtschaftliche Lage Ihrer Fondsgesellschaft, die Organisation der j\u00e4hrlichen Gesellschafterversammlung und der Auszahlungen, die Pflege Ihrer pers\u00f6nlichen Daten sowie die Administration von Erbf\u00e4llen oder Schenkungen.<\/p>\n<p>F\u00fcr Ihre Mitteilungen an uns haben wir verschiedene Formulare vorbereitet, die hier zum Download f\u00fcr Sie bereit stehen.<\/p>\n<p><strong>Formulare<br \/>\n<\/strong><a href=\"https:\/\/primevestcp.com\/wp-content\/uploads\/2021\/11\/Aenderung-personlicher-Daten.pdf\" target=\"_blank\" rel=\"noopener\">\u00c4nderung pers\u00f6nlicher Daten<\/a><br \/>\n<a href=\"https:\/\/primevestcp.com\/wp-content\/uploads\/2021\/11\/Uebertragungsantrag-InvestorServices.pdf\" target=\"_blank\" rel=\"noopener\">\u00dcbertragungsantrag<\/a><br \/>\n<a href=\"https:\/\/primevestcp.com\/wp-content\/uploads\/2021\/11\/ZahlungaufanderesKonto-Formulari.pdf\" target=\"_blank\" rel=\"noopener\">Zahlung auf anderes Konto<\/a><br \/>\n<a href=\"https:\/\/primevestcp.com\/wp-content\/uploads\/2021\/11\/SWK_SBE_Formulari-003.pdf\" target=\"_blank\" rel=\"noopener\">Mitteilung \u00fcber Sonderwerbungseinnahmen und -kosten<\/a><\/p>\n<p><strong>Haben Sie Fragen zu Ihrer Beteiligung? Wir sind gern f\u00fcr Sie pers\u00f6nlich da:<br \/>\n<\/strong><\/p>\n<p>Primevest-Capital-Partners Deutschland GmbH<br \/>\nIm Auftrag der BIM Treuhand NewCo GmbH<br \/>\nClaudia Kahriman<br \/>\nKurf\u00fcrstendamm 186<br \/>\n10707 Berlin<br \/>\nDeutschland<br \/>\nTel.: +49 1520 1610718<br \/>\nFax: +49 30 33 84 32 4-99<br \/>\nE-Mail: <a href=\"mailto: treuhand@primevestcp.com\">treuhand@primevestcp.com<\/a><\/p>\n<p><strong>Hinweise zum Datenschutz\u00a0<\/strong><\/p>\n<p><a href=\"https:\/\/primevestcp.com\/wp-content\/uploads\/2025\/01\/2025_Datenschutzhinweise_PPFI.pdf\" target=\"_blank\" rel=\"noopener\">Primevest Private Dutch Parking Fund I GmbH &amp; Co. KG<\/a><br \/>\n<a href=\"https:\/\/primevestcp.com\/wp-content\/uploads\/2025\/01\/2025_Datenschutzhinweise_PPFII.pdf\" target=\"_blank\" rel=\"noopener\">Primevest Private Dutch Parking Fund II GmbH &amp; Co. geschlossene Investment KG<\/a><\/p>\n<p><strong>Informationen zur Beteiligung an der Primevest Private Dutch Parking Fund II GmbH &amp; Co. <em>geschlossene Investment KG anfordern<\/em><\/strong><\/p>\n<p>Neben den regelm\u00e4\u00dfigen Informationen an alle InvestorInnen werden f\u00fcr die Fondsgesellschaft Private Dutch Parking Fund II GmbH und Co. geschlossene Investment KG weitere Informationen erstellt und verteilt. Hierbei handelt es sich um Informationen f\u00fcr institutionelle Anleger zur Einhaltung aufsichtsrechtlicher Vorgaben.<\/p>\n<p>Zur Sicherstellung, dass alle Beteiligten des Publikumsfonds dieselben Informationen des Fonds erhalten (Gleichbehandlungsgrundsatz), besteht auch f\u00fcr jede privat beteiligte Person hier die M\u00f6glichkeit, diese Informationen abzurufen.<\/p>\n<p>Um jedoch einen Missbrauch dieser Informationen zu verhindern, m\u00fcssen wir sicherstellen, dass die Informationen nur von solchen Personen abgerufen werden k\u00f6nnen, die tats\u00e4chlich an der Fondsgesellschaft beteiligt sind. Damit die zur Verf\u00fcgung gestellten Daten nicht missbr\u00e4uchlich verwendet werden, ist neben dem Nachweis Ihrer Anlage unter Angabe des Namens, Geburtsdatums und der Vertragsnummer auch die Abgabe einer Vertraulichkeitserkl\u00e4rung erforderlich. Diese wird nach Absenden Ihrer Anforderung zugesandt.<\/p>\n<ul>\n<li><a href=\"mailto:treuhand@primevestcp.com?Subject=Meldung%20f\u00fcr%20Grosskredite%20nach%20Art-390%20Abs.%207,8%20CRR%20(GroMiKV)\"><em>Meldung f\u00fcr Grosskredite nach Art-390 Abs. 7,8 CRR (GroMiKV)<\/em><\/a><\/li>\n<li><a href=\"mailto:treuhand@primevestcp.com?subject=Solvabilit\u00e4tsreport\"><em>Solvabilit\u00e4tsreport<\/em><\/a><\/li>\n<li><a href=\"mailto:treuhand@primevestcp.com?subject=BVI-Dachfondsreporting\">BVI-Dachfondsreporting<\/a><\/li>\n<\/ul>\n","protected":false},"excerpt":{"rendered":"<p>Die BIM Treuhand NewCo GmbH ist Ihr erster Ansprechpartner bei allen Fragen rund um Ihre geschlossene Beteiligung. Sie vertritt Ihre Interessen w\u00e4hrend der gesamten Laufzeit des Investments auf Grundlage des jeweils abgeschlossenen Treuhand- und Verwaltungsvertrags. Zu ihren Aufgaben z\u00e4hlen die regelm\u00e4\u00dfige \u00dcbersendung von Informationen \u00fcber die wirtschaftliche Lage Ihrer Fondsgesellschaft, die Organisation der j\u00e4hrlichen Gesellschafterversammlung [&hellip;]<\/p>\n","protected":false},"author":8,"featured_media":20728,"parent":0,"menu_order":0,"comment_status":"closed","ping_status":"closed","template":"","meta":{"_acf_changed":false,"footnotes":""},"class_list":["post-22021","page","type-page","status-publish","has-post-thumbnail","hentry"],"acf":[],"aioseo_notices":[],"_links":{"self":[{"href":"https:\/\/primevestcp.com\/de\/wp-json\/wp\/v2\/pages\/22021","targetHints":{"allow":["GET"]}}],"collection":[{"href":"https:\/\/primevestcp.com\/de\/wp-json\/wp\/v2\/pages"}],"about":[{"href":"https:\/\/primevestcp.com\/de\/wp-json\/wp\/v2\/types\/page"}],"author":[{"embeddable":true,"href":"https:\/\/primevestcp.com\/de\/wp-json\/wp\/v2\/users\/8"}],"replies":[{"embeddable":true,"href":"https:\/\/primevestcp.com\/de\/wp-json\/wp\/v2\/comments?post=22021"}],"version-history":[{"count":23,"href":"https:\/\/primevestcp.com\/de\/wp-json\/wp\/v2\/pages\/22021\/revisions"}],"predecessor-version":[{"id":24631,"href":"https:\/\/primevestcp.com\/de\/wp-json\/wp\/v2\/pages\/22021\/revisions\/24631"}],"wp:featuredmedia":[{"embeddable":true,"href":"https:\/\/primevestcp.com\/de\/wp-json\/wp\/v2\/media\/20728"}],"wp:attachment":[{"href":"https:\/\/primevestcp.com\/de\/wp-json\/wp\/v2\/media?parent=22021"}],"curies":[{"name":"wp","href":"https:\/\/api.w.org\/{rel}","templated":true}]}}