{"id":398,"date":"2021-05-11T11:32:37","date_gmt":"2021-05-11T11:32:37","guid":{"rendered":"https:\/\/primevestcp.com\/homepage\/"},"modified":"2025-02-04T14:01:24","modified_gmt":"2025-02-04T13:01:24","slug":"homepage","status":"publish","type":"page","link":"https:\/\/primevestcp.com\/de\/","title":{"rendered":"Homepage"},"content":{"rendered":"<p><strong>Unsere Investment-Philosophie und unsere Zukunftsideen werden ma\u00dfgebllich durch den aktuellen Trend zur Urbanisierung angetrieben, sowie dem Bestreben, die modernen Anforderungen an die Bed\u00fcrfnisse einer Gro\u00dfstadt zu erf\u00fcllen. Gleichzeitig wollen wir die Qualit\u00e4t und die Nachhaltigkeit der Lebensumst\u00e4nde der Menschen verbessern.<\/strong><\/p>\n<p>An unseren Standorten Berlin, Eindhoven und Utrecht managt ein Team von 70 Experten ein Verm\u00f6gen von 3 Milliarden Euro, verteilt auf sektorspezifische Fonds und institutionelle Individualmandate. Unser Partner Commonwealth Investments unterst\u00fctzt uns in unserer Strategie und unseren Wachstumszielen, die sich auf unsere Gesch\u00e4ftsprinzipien und Werte gr\u00fcnden. So definiert sich unser Ansatz, in einer zunehmend vernetzten Welt zu investieren.<\/p>\n<blockquote><p><em>\u201eDas Bed\u00fcrfnis nach intelligenten St\u00e4dten nimmt im Zuge nie da gewesener weltweiter Disruption und der Ver\u00e4nderung der Arbeits- und Lebenswelten stetig zu. In diesem Umfeld verzeichnen wir eine zunehmende Nachfrage nach modernem, bezahlbarem Wohnraum, besserer digitaler Vernetzung und erh\u00f6hter Mobilit\u00e4t. Unsere Investoren partizipieren daher an den wesentlichen Entwicklungen der M\u00e4rkte. Wir genie\u00dfen ihr Vertrauen, langfristige Renditen zu erm\u00f6glichen, die durch Investitionen in reale infrastrukturelle Verm\u00f6genswerte, die zur Sicherung der Zukunft unserer St\u00e4dte erforderlich sind, erzielt werden k\u00f6nnen.\u201c <\/em><em>Bart Pierik, Managing Partner, Primevest. <\/em><\/p>\n<p><em><strong>Peter Helfrich, Managing Director, Primevest Capital Partners<\/strong><\/em><\/p><\/blockquote>\n<p>&nbsp;<\/p>\n","protected":false},"excerpt":{"rendered":"<p>Unsere Investment-Philosophie und unsere Zukunftsideen werden ma\u00dfgebllich durch den aktuellen Trend zur Urbanisierung angetrieben, sowie dem Bestreben, die modernen Anforderungen an die Bed\u00fcrfnisse einer Gro\u00dfstadt zu erf\u00fcllen. Gleichzeitig wollen wir die Qualit\u00e4t und die Nachhaltigkeit der Lebensumst\u00e4nde der Menschen verbessern. An unseren Standorten Berlin, Eindhoven und Utrecht managt ein Team von 70 Experten ein Verm\u00f6gen [&hellip;]<\/p>\n","protected":false},"author":2,"featured_media":19819,"parent":0,"menu_order":0,"comment_status":"closed","ping_status":"closed","template":"template_homepage.php","meta":{"_acf_changed":false,"footnotes":""},"class_list":["post-398","page","type-page","status-publish","has-post-thumbnail","hentry"],"acf":[],"aioseo_notices":[],"_links":{"self":[{"href":"https:\/\/primevestcp.com\/de\/wp-json\/wp\/v2\/pages\/398","targetHints":{"allow":["GET"]}}],"collection":[{"href":"https:\/\/primevestcp.com\/de\/wp-json\/wp\/v2\/pages"}],"about":[{"href":"https:\/\/primevestcp.com\/de\/wp-json\/wp\/v2\/types\/page"}],"author":[{"embeddable":true,"href":"https:\/\/primevestcp.com\/de\/wp-json\/wp\/v2\/users\/2"}],"replies":[{"embeddable":true,"href":"https:\/\/primevestcp.com\/de\/wp-json\/wp\/v2\/comments?post=398"}],"version-history":[{"count":27,"href":"https:\/\/primevestcp.com\/de\/wp-json\/wp\/v2\/pages\/398\/revisions"}],"predecessor-version":[{"id":23353,"href":"https:\/\/primevestcp.com\/de\/wp-json\/wp\/v2\/pages\/398\/revisions\/23353"}],"wp:featuredmedia":[{"embeddable":true,"href":"https:\/\/primevestcp.com\/de\/wp-json\/wp\/v2\/media\/19819"}],"wp:attachment":[{"href":"https:\/\/primevestcp.com\/de\/wp-json\/wp\/v2\/media?parent=398"}],"curies":[{"name":"wp","href":"https:\/\/api.w.org\/{rel}","templated":true}]}}