{"id":412,"date":"2021-05-05T14:38:29","date_gmt":"2021-05-05T14:38:29","guid":{"rendered":"https:\/\/primevestcp.com\/investment\/"},"modified":"2025-02-04T14:17:04","modified_gmt":"2025-02-04T13:17:04","slug":"investitionsstrategie","status":"publish","type":"page","link":"https:\/\/primevestcp.com\/de\/investitionsstrategie\/","title":{"rendered":"Investitionsstrategie"},"content":{"rendered":"<p>Wir sind Vorreiter. Bereits vor rund 20 Jahrenhaben wir Investments in innerst\u00e4dtische Parkh\u00e4user als Chance erkannt und als einer der Ersten gehandelt. Mittlerweile hat sich dieser Bereich zu einer anerkannten und eigenst\u00e4ndigen Assetklasse entwickelt und bietet sichere und langfristige Renditen. Neben unseren Akitvit\u00e4ten in den Bereichen Parkh\u00e4user und Wohnimmobilien, investieren wir heute auch in zukunftsorientierte Infrastruktur f\u00fcr digitale Kommunikation, die ein Grundpfleiler zuk\u00fcnftiger Stadtentwicklung ist und von deren wachsender Bedeutung wir \u00fcberzeugt sind. Dies gilt umso mehr, als die Nutzung von Daten nach wie vor w\u00e4chst.<\/p>\n<p><!--more--><\/p>\n<blockquote>\n<h2>Die \u00dcbertragung und die Auswertung von Datenstr\u00f6men bilden das Fundamente unserer Vorstellung von den St\u00e4dten der Zukunft, den \u201eFuture Cities\u201c.<\/h2>\n<p>Bas van Dongen, Head of Communication Infrastructure<\/p><\/blockquote>\n<p>Unsere Datennutzung w\u00e4chst exponentiell \u2013 es ist die vierte industrielle Revolution und sie ver\u00e4ndert unsere Lebensweise. Indem wir unsere Investitionen \u00fcber diese digitale Datenautobahn abbilden, erm\u00f6glichen wir unseren Investoren gleichzeitig Zugang zur wichtigsten Wachstumsquelle der modernen, globalisierten Wirtschaft.<\/p>\n<p>Von Anfang an hat sich Primevest Capital Partners auf den Aufbau von Kompetenz konzentriert, um sicherzustellen, dass engagierte Experten das uns anvertraute Kapital sichern. Viele von ihnen bringen branchenspezifische Kenntnisse und Erfahrungen mit. Dadurch bieten wir unseren Anlegern ein einzigartiges Wissen \u00fcber die spezialisierten Immobiliensektoren, in denen wir investieren. Und die Kommunen und Betreiber als unsere Partner,\u00a0 mit denen wir zusammenarbeiten, haben die Gewissheit, dass wir wissen, wovon wir sprechen &#8211; sowohl aus der Investitionsperspektive als auch aus dem operativen Blickwinkel.<\/p>\n<p>Treten Sie mit uns in <a href=\"https:\/\/primevestcp.com\/de\/contact\/\">Kontakt<\/a>, wenn Sie mehr \u00fcber Investments mit uns erfahren m\u00f6chten.<\/p>\n","protected":false},"excerpt":{"rendered":"<p>Wir sind Vorreiter. Bereits vor rund 20 Jahrenhaben wir Investments in innerst\u00e4dtische Parkh\u00e4user als Chance erkannt und als einer der Ersten gehandelt. Mittlerweile hat sich dieser Bereich zu einer anerkannten und eigenst\u00e4ndigen Assetklasse entwickelt und bietet sichere und langfristige Renditen. Neben unseren Akitvit\u00e4ten in den Bereichen Parkh\u00e4user und Wohnimmobilien, investieren wir heute auch in zukunftsorientierte [&hellip;]<\/p>\n","protected":false},"author":2,"featured_media":18290,"parent":0,"menu_order":1,"comment_status":"closed","ping_status":"closed","template":"template_investment.php","meta":{"_acf_changed":false,"footnotes":""},"class_list":["post-412","page","type-page","status-publish","has-post-thumbnail","hentry"],"acf":[],"aioseo_notices":[],"_links":{"self":[{"href":"https:\/\/primevestcp.com\/de\/wp-json\/wp\/v2\/pages\/412","targetHints":{"allow":["GET"]}}],"collection":[{"href":"https:\/\/primevestcp.com\/de\/wp-json\/wp\/v2\/pages"}],"about":[{"href":"https:\/\/primevestcp.com\/de\/wp-json\/wp\/v2\/types\/page"}],"author":[{"embeddable":true,"href":"https:\/\/primevestcp.com\/de\/wp-json\/wp\/v2\/users\/2"}],"replies":[{"embeddable":true,"href":"https:\/\/primevestcp.com\/de\/wp-json\/wp\/v2\/comments?post=412"}],"version-history":[{"count":36,"href":"https:\/\/primevestcp.com\/de\/wp-json\/wp\/v2\/pages\/412\/revisions"}],"predecessor-version":[{"id":24554,"href":"https:\/\/primevestcp.com\/de\/wp-json\/wp\/v2\/pages\/412\/revisions\/24554"}],"wp:featuredmedia":[{"embeddable":true,"href":"https:\/\/primevestcp.com\/de\/wp-json\/wp\/v2\/media\/18290"}],"wp:attachment":[{"href":"https:\/\/primevestcp.com\/de\/wp-json\/wp\/v2\/media?parent=412"}],"curies":[{"name":"wp","href":"https:\/\/api.w.org\/{rel}","templated":true}]}}