{"id":417,"date":"2021-05-17T14:26:19","date_gmt":"2021-05-17T14:26:19","guid":{"rendered":"https:\/\/primevestcp.com\/investment\/car-parks\/"},"modified":"2025-02-04T14:27:25","modified_gmt":"2025-02-04T13:27:25","slug":"parkenundmobilitaet","status":"publish","type":"page","link":"https:\/\/primevestcp.com\/de\/investitionsstrategie\/parkenundmobilitaet\/","title":{"rendered":"Parken &#038; Mobilit\u00e4t"},"content":{"rendered":"<p>Als Primevest Capital Partners vor rund 20 Jahren seinen ersten Parkhaus-Fonds auflegte, taten wir das, weil die Gr\u00fcnde daf\u00fcr offensichtlich waren: Produktknappheit &#8211; Parkh\u00e4user sind nicht ersetzbar und sie bieten stabile und langfristige Einnahmen. Heute hat sich vieles ver\u00e4ndert, auch, weil Parkh\u00e4user zu einer nachgefragten Anlagem\u00f6glichkeit geworden sind. Die Treiber sind aber nach wie vor gleich. Mittlerweile \u00fcbersteigt die Anfrage der Anleger das Angebot bei weitem.\u00a0 Mit einer starken Erfolgsbilanz und rund einer Mrd. Euro Investitionssumme in Parkhausanlagen verteilt auf sechs Fonds haben wir weiterhin Interesse an Akquisitionen.<\/p>\n<p><!--more--><\/p>\n<p>Parkh\u00e4user spielen eine zentrale Rolle bei der Steigerung der Attraktivit\u00e4t und Leistungsf\u00e4higkeit von St\u00e4dten. Stadtzentren werden f\u00fcr die Bewohner zu besseren Orten, da sie Staus reduzieren und die Erreichbarkeit erleichtern. Dies ist insbesondere in dicht besiedelten Gebieten der Fall. Weil Parkm\u00f6glichkeiten an der Stra\u00dfe teurer und knapper werden, steigt die Nachfrage nach alternativen Parkpl\u00e4tzen. Dies f\u00fchrt zu einem Anstieg der Parkgeb\u00fchren. Das begrenzte Angebot und die zuverl\u00e4ssigen Einkommensstr\u00f6me machen diese Anlageklasse attraktiv.<\/p>\n<p>Viele Mitglieder unseres eigenen Teams haben f\u00fcr Parkhausbetreiber gearbeitet und verstehen sich bestens auf die Verwaltung dieser Assets. Das Leerstandsrisiko ist minimal, praktisch nicht vorhanden. Denn Betreiberausf\u00e4lle k\u00f6nnen durch Parkeinnahmen kompensiert werden. Die Mietwerte sind historisch stark gestiegen, weil die Umsatzsteigerung die Inflation deutlich \u00fcbersteigt. Au\u00dferdem bietet die innerst\u00e4dtische Lage vieler Parkh\u00e4user und die dort steigenden Bodenpreise gute M\u00f6glichkeiten .f\u00fcr ein Redevelopment<\/p>\n<p><strong>Investitionskriterien<\/strong><\/p>\n<p>Wir erwerben Parkh\u00e4user in dicht besiedelten, wirtschaftsstarken St\u00e4dten, wo die Parkregeln strikt sind und konsequent umgesetzt werden. Wir w\u00e4hlen stark frequentierte Standorte wie Innenst\u00e4dte mit ihren konzentrierten Gesch\u00e4fts-, Einzelhandels-, Freizeit- und Wohnangeboten. Au\u00dferdem bietet die N\u00e4he zu Krankenh\u00e4usern oder Verkehrsknotenpunkten wie Bahnh\u00f6fen und Flugh\u00e4fen interessante Standorte. Wir arbeiten mit erstklassigen internationalen oder lokalen Betreibern zusammen, die \u00fcber eine gute Erfolgsbilanz verf\u00fcgen und mit denen wir langfristige, indexbasierte Mietvertr\u00e4ge abschlie\u00dfen, durch die stabile Cashflows und ein \u00fcber der Inflationsrate liegendes Einnahmenwachstum bei nachhaltigen Mietniveau erzielt werden.<\/p>\n<p><a href=\"https:\/\/primevestcp.com\/wp-content\/uploads\/2023\/08\/Primevest-Investitions-Kriterien-Parkhausern-Deutsch-1.pdf\">Diese Kriterien<\/a> haben sich \u00fcber viele Jahre hinweg bew\u00e4hrt und bescherten unseren Anlegern attraktive Renditen.<\/p>\n","protected":false},"excerpt":{"rendered":"<p>Parkh\u00e4user spielen eine zentrale Rolle bei der Steigerung der Attraktivit\u00e4t und Leistungsf\u00e4higkeit von St\u00e4dten. <\/p>\n","protected":false},"author":2,"featured_media":24431,"parent":412,"menu_order":1,"comment_status":"closed","ping_status":"closed","template":"template_expertise_overview.php","meta":{"_acf_changed":false,"footnotes":""},"class_list":["post-417","page","type-page","status-publish","has-post-thumbnail","hentry"],"acf":[],"aioseo_notices":[],"_links":{"self":[{"href":"https:\/\/primevestcp.com\/de\/wp-json\/wp\/v2\/pages\/417","targetHints":{"allow":["GET"]}}],"collection":[{"href":"https:\/\/primevestcp.com\/de\/wp-json\/wp\/v2\/pages"}],"about":[{"href":"https:\/\/primevestcp.com\/de\/wp-json\/wp\/v2\/types\/page"}],"author":[{"embeddable":true,"href":"https:\/\/primevestcp.com\/de\/wp-json\/wp\/v2\/users\/2"}],"replies":[{"embeddable":true,"href":"https:\/\/primevestcp.com\/de\/wp-json\/wp\/v2\/comments?post=417"}],"version-history":[{"count":35,"href":"https:\/\/primevestcp.com\/de\/wp-json\/wp\/v2\/pages\/417\/revisions"}],"predecessor-version":[{"id":24543,"href":"https:\/\/primevestcp.com\/de\/wp-json\/wp\/v2\/pages\/417\/revisions\/24543"}],"up":[{"embeddable":true,"href":"https:\/\/primevestcp.com\/de\/wp-json\/wp\/v2\/pages\/412"}],"wp:featuredmedia":[{"embeddable":true,"href":"https:\/\/primevestcp.com\/de\/wp-json\/wp\/v2\/media\/24431"}],"wp:attachment":[{"href":"https:\/\/primevestcp.com\/de\/wp-json\/wp\/v2\/media?parent=417"}],"curies":[{"name":"wp","href":"https:\/\/api.w.org\/{rel}","templated":true}]}}