{"id":436,"date":"2021-05-17T14:31:21","date_gmt":"2021-05-17T14:31:21","guid":{"rendered":"https:\/\/primevestcp.com\/investment\/communication-infrastructure\/"},"modified":"2025-02-04T14:50:43","modified_gmt":"2025-02-04T13:50:43","slug":"konnektivitaetunddaten","status":"publish","type":"page","link":"https:\/\/primevestcp.com\/de\/investitionsstrategie\/konnektivitaetunddaten\/","title":{"rendered":"Konnektivit\u00e4t &#038; Daten"},"content":{"rendered":"<p>Im Jahr 2020 hat die COVID-19 Pandemie die Rahmenbedingungen f\u00fcr unser Leben, unser Arbeiten und unsere Kommunikation \u00a0grundlegend ver\u00e4ndert, wodurch sich auch unsere Abh\u00e4ngigkeit von Daten beschleunigte. Die Pandemie hat Jahre des Wandels auf wenige kurze Monate verk\u00fcrzt. Und ein Gro\u00dfteil dieses Wandels wird Bestand haben.<\/p>\n<p>Bei Primevest Capital Partners haben wir den Bedarf an Investionen in diese wichtige Infrastruktur erkannt und im Jahr 2017 unseren ersten Fonds aufgelegt. Da wir einer der Ersten waren, ist es uns m\u00f6glich gewesen, ein eigenes Team aus Branchenexperten aufzubauen und zu einem entscheidenden Bindeglied zwischen Investoren einerseits sowie Stadtverwaltungen und Telekommunikationsanbietern andererseits zu werden. Wir helfen beiden Seiten, sich gegenseitig zu verstehen und unser Wissen \u00fcber diese Anlageklasse erm\u00f6glicht es uns, die Rendite f\u00fcr unsere Investoren zu optimieren. Dabei ist es eine spannende Aufgabe, das Potenzial dieser Verm\u00f6genswerte zu erschlie\u00dfen und gleichzeitig Vernetzung und Fortschritt in den St\u00e4dten voranzutreiben.<\/p>\n<p><!--more--><\/p>\n<p>Our approach allows investors to access a stable asset portfolio with a low risk\/return profile. Attractive returns are generated in three ways: first, direct yields from regular rental payments; second, leases include automatic year-on-year inflation (CPI) adjustments; third, capital gains are created from the enhancements we make to the assets or increased utilisation rate of the network.<\/p>\n<p>Als Eigent\u00fcmer gew\u00e4hren wir verschiedenen Betreiber den Zugang zu unseren Netzen, wodurch sich dem Verbraucher eine gr\u00f6\u00dfere Auswahl bietet, was zu einer besseren Auslastung und f\u00fchrt und so h\u00f6here Mietpreise erm\u00f6glicht. Um das Risiko zu reduzieren, begrenzen wir das Investorenengagement auf die Technologie. Wir beteiligen uns nicht Betreibern, wenngleich wir gute Beziehungen zu vielen Anbietern aufgebaut haben, wie etwa zu T-Mobile, Vodafone und etlichen regionalen Telekommunikationsbetreibern. Diese Partnerschaften erm\u00f6glichen es uns, den Stadtverwaltungen fertige L\u00f6sungen anzubieten, wenn sie ihre Netzanbindung verbessern wollen.<\/p>\n<p><strong>Investitionskriterien<\/strong><\/p>\n<p>Im Hinblick auf die Investitionen in Anlageobjekte gehen wir selektiv vor. Alle Investmentziele betreffen die Verbesserung des Zugangs von Privat- und Gesch\u00e4ftskunden zu festem und mobilem Breitband und umfassen:<\/p>\n<ul>\n<li><strong>Festnetz-Glasfaserinfrastruktur: <\/strong>Unsere Investitionen erm\u00f6glichen eine Kapazit\u00e4tserweiterung durch die Installation von Hochgeschwindigkeits-Glasfaserkabeln, die wir an mehrere Betreiber vermieten.<\/li>\n<li><strong>Mobilfunk- und Sendet\u00fcrme: <\/strong>K\u00f6nnen von Betreibern gemeinsam genutzt werden, wodurch die Auslastung durch ein Standort-Pooling erh\u00f6ht wird.<\/li>\n<li><strong>Kommunikationsknotenpunkte (Rechenzentren): <\/strong>Hier investieren wir haupts\u00e4chlich in die gemeinsam genutzte Infrastruktur, die ben\u00f6tigt wird, um den Betrieb zu gew\u00e4hrleisten.<\/li>\n<\/ul>\n<p>Geografisch konzentrieren wir uns vor allem auf st\u00e4dtische Gebiete in Deutschland, \u00d6sterreich, den Niederlanden und Belgien mit hinreichender Bev\u00f6lkerungsdichte und robusten Gewerbestandorten bei gleichzeitiger Unterversorgung mit Telekommunikationsinfrastruktur . So liegt etwa Deutschlan als gr\u00f6\u00dfte Volkswirtschaft in Europa hinter vielen anderen L\u00e4ndern zur\u00fcck, wenn es um die Bereitstellung von Hochgeschwindigkeits-Internet der f\u00fcnften Generation geht.Sch\u00e4tzungen besagen, dass rund 80 Milliarden Euro f\u00fcr die Modernisierung der Festnetz-Glasfaserverkabelung erforderlich sind.<\/p>\n<p>F\u00fcr mehr Informationen \u00fcber Smart Cities k\u00f6nnen Sie die Website von <a href=\"https:\/\/www.smartcitynederland.com\/\" target=\"_blank\" rel=\"noopener\">Smart City Nederland<\/a> besuchen (nur auf niederl\u00e4ndisch).<\/p>\n","protected":false},"excerpt":{"rendered":"<p>Mit dem exponentiellen Wachstum unsere Datennutzung steigt auch der Bedarf an Investitionen in die Infrastruktur.<\/p>\n","protected":false},"author":2,"featured_media":23969,"parent":412,"menu_order":3,"comment_status":"closed","ping_status":"closed","template":"template_expertise_overview.php","meta":{"_acf_changed":false,"footnotes":""},"class_list":["post-436","page","type-page","status-publish","has-post-thumbnail","hentry"],"acf":[],"aioseo_notices":[],"_links":{"self":[{"href":"https:\/\/primevestcp.com\/de\/wp-json\/wp\/v2\/pages\/436","targetHints":{"allow":["GET"]}}],"collection":[{"href":"https:\/\/primevestcp.com\/de\/wp-json\/wp\/v2\/pages"}],"about":[{"href":"https:\/\/primevestcp.com\/de\/wp-json\/wp\/v2\/types\/page"}],"author":[{"embeddable":true,"href":"https:\/\/primevestcp.com\/de\/wp-json\/wp\/v2\/users\/2"}],"replies":[{"embeddable":true,"href":"https:\/\/primevestcp.com\/de\/wp-json\/wp\/v2\/comments?post=436"}],"version-history":[{"count":20,"href":"https:\/\/primevestcp.com\/de\/wp-json\/wp\/v2\/pages\/436\/revisions"}],"predecessor-version":[{"id":24540,"href":"https:\/\/primevestcp.com\/de\/wp-json\/wp\/v2\/pages\/436\/revisions\/24540"}],"up":[{"embeddable":true,"href":"https:\/\/primevestcp.com\/de\/wp-json\/wp\/v2\/pages\/412"}],"wp:featuredmedia":[{"embeddable":true,"href":"https:\/\/primevestcp.com\/de\/wp-json\/wp\/v2\/media\/23969"}],"wp:attachment":[{"href":"https:\/\/primevestcp.com\/de\/wp-json\/wp\/v2\/media?parent=436"}],"curies":[{"name":"wp","href":"https:\/\/api.w.org\/{rel}","templated":true}]}}