{"id":474,"date":"2021-05-10T14:44:30","date_gmt":"2021-05-10T14:44:30","guid":{"rendered":"https:\/\/primevestcp.com\/about\/"},"modified":"2025-02-04T15:01:40","modified_gmt":"2025-02-04T14:01:40","slug":"about","status":"publish","type":"page","link":"https:\/\/primevestcp.com\/de\/about\/","title":{"rendered":"\u00dcber Primevest"},"content":{"rendered":"<p>Primevest Capital Partners ist eine paneurop\u00e4ische Investmentboutique, die sich auf Investitionen in innovative Sachwerte spezialisiert hat. Primevest Capital Partners hat die Vision, unsere St\u00e4dte zukunftssicher zu machen, indem wir in ganz Europa in zeitgem\u00e4\u00dfe, erschwingliche Wohnungen, Kommunikationsinfrastrukturen und Parkh\u00e4user investieren und so f\u00fcr ein besseres st\u00e4dtisches Leben, mehr Vernetzung und Mobilit\u00e4t sorgen. Unsere Investitionsphilosophie und unsere Vision werden durch den aktuellen Trend der Urbanisierung und die F\u00e4higkeit, die modernen Bed\u00fcrfnisse von Gro\u00dfstadtgemeinschaften zu erf\u00fcllen und gleichzeitig die Lebensqualit\u00e4t und Nachhaltigkeit der Menschen zu verbessern, angetrieben. Von unseren B\u00fcros in Utrecht, Eindhoven und Berlin aus verwaltet ein Team von 70 Fachleuten ein Verm\u00f6gen von 3 Milliarden Euro an Verm\u00f6genswerten, darunter branchenbezogene Fonds, individuelle institutionelle Mandate und einige Fonds, die sich an Privatanleger und nach der \u00dcbernahme der Holland Immo Group auch an Family Offices richten. Mit der unserem Partner Commonwealth Investments unterst\u00fctzt uns in unser Strategie und unseren Wachstumszielen, die sich auf unsere Gesch\u00e4ftsprinzipien und Werte gr\u00fcnden. So definiert sich unser Ansatz, in einer zunehmend vernetzte Welt zu investieren.<\/p>\n<p>&nbsp;<\/p>\n<img loading=\"lazy\" decoding=\"async\" class=\"size-full wp-image-23346 alignnone\" src=\"https:\/\/primevestcp.com\/wp-content\/uploads\/2023\/04\/Kaart-website-april-2023.jpg\" alt=\"\" width=\"627\" height=\"582\" \/>\n<blockquote>\n<h2>Primevest Capital Partners \u2013 Wir investieren in die Zukunft unsere St\u00e4dte<\/h2>\n<\/blockquote>\n<p>\u201eDas Bed\u00fcrfnis nach intelligenten St\u00e4dten nimmt im Zuge nie da gewesener weltweiter Disruption und der Ver\u00e4nderung der Arbeits- und Lebenswelten stetig zu. In diesem Umfeld verzeichnen wir eine zunehmende Nachfrage nach modernem, bezahlbarem Wohnraum, besserer digitaler Vernetzung und erh\u00f6hter Mobilit\u00e4t. Unsere Investoren partizipieren daher an den wesentlichen Entwicklungen der M\u00e4rkte. Wir genie\u00dfen ihr Vertrauen, langfristige Renditen zu erm\u00f6glichen, die durch Investitionen in reale infrastrukturelle Verm\u00f6genswerte , die zur Sicherung der Zukunft unserer St\u00e4dte erforderlich sind, erzielt werden k\u00f6nnen.\u201c<\/p>\n<p><!--more--><\/p>\n<blockquote>\n<h2>In diesem Umfeld verzeichnen wir eine zunehmende Nachfrage nach modernem, bezahlbarem Wohnraum, besserer digitaler Vernetzung und erh\u00f6hter Mobilit\u00e4t<\/h2>\n<p>Peter Helfrich, Managing Director, Primevest<\/p><\/blockquote>\n<p>Unser Spezialwissen im Bereich Verm\u00f6genssachwerte gr\u00fcndet sich auf der Gesamtheit der umfassenden Erfahrungen unserer Teams. So werden wir in die Lage versetzt, unsere Investoren bei ihren Investmentstrategien zuverl\u00e4ssig zu beraten, wenn wir Fonds oder Spezialmandate f\u00fcr sie auflegen. Diese Expertise, kombiniert mit dem Vertrauen, das unsere Investoren in uns setzen, bilden die Grundlage unseres Erfolges.<\/p>\n<p>Primevest Capital Partners Holding B.V. besteht aus Primevest Capital Partners Nederland B.V., Primevest-Capital-Partners Deutschland GmbH und Holland Immo Group B.V. Das F\u00fchrungsteam der Primevest Holding, bestehend aus Peter Helfrich, Gaston Hupkens und Bart Pierik, ist indirekt f\u00fcr das Management von Primevest Capital Partners und Holland Immo Group verantwortlich. Peter Helfrich und Gaston Hupkens werden Teil der Gesch\u00e4ftsleitung der Holland Immo Group.<\/p>\n<p>Von unseren B\u00fcros in Utrecht, Eindhoven und Berlin aus verwaltet ein Team von 70 Fachleuten ein Verm\u00f6gen von 3 Milliarden Euro an Verm\u00f6genswerten, darunter branchenbezogene Fonds, individuelle institutionelle Mandate und einige Fonds, die sich an Privatanleger und nach der \u00dcbernahme der Holland Immo Group auch an Family Offices richten. Primevest Capital Partners geh\u00f6rt zur Primevest Capital Partners Holding B.V.<\/p>\n","protected":false},"excerpt":{"rendered":"<p>Primevest Capital Partners ist eine paneurop\u00e4ische Investmentboutique, die sich auf Investitionen in innovative Sachwerte spezialisiert hat. Primevest Capital Partners hat die Vision, unsere St\u00e4dte zukunftssicher zu machen, indem wir in ganz Europa in zeitgem\u00e4\u00dfe, erschwingliche Wohnungen, Kommunikationsinfrastrukturen und Parkh\u00e4user investieren und so f\u00fcr ein besseres st\u00e4dtisches Leben, mehr Vernetzung und Mobilit\u00e4t sorgen. Unsere Investitionsphilosophie und [&hellip;]<\/p>\n","protected":false},"author":2,"featured_media":20744,"parent":0,"menu_order":3,"comment_status":"closed","ping_status":"closed","template":"template_about.php","meta":{"_acf_changed":false,"footnotes":""},"class_list":["post-474","page","type-page","status-publish","has-post-thumbnail","hentry"],"acf":[],"aioseo_notices":[],"_links":{"self":[{"href":"https:\/\/primevestcp.com\/de\/wp-json\/wp\/v2\/pages\/474","targetHints":{"allow":["GET"]}}],"collection":[{"href":"https:\/\/primevestcp.com\/de\/wp-json\/wp\/v2\/pages"}],"about":[{"href":"https:\/\/primevestcp.com\/de\/wp-json\/wp\/v2\/types\/page"}],"author":[{"embeddable":true,"href":"https:\/\/primevestcp.com\/de\/wp-json\/wp\/v2\/users\/2"}],"replies":[{"embeddable":true,"href":"https:\/\/primevestcp.com\/de\/wp-json\/wp\/v2\/comments?post=474"}],"version-history":[{"count":34,"href":"https:\/\/primevestcp.com\/de\/wp-json\/wp\/v2\/pages\/474\/revisions"}],"predecessor-version":[{"id":23350,"href":"https:\/\/primevestcp.com\/de\/wp-json\/wp\/v2\/pages\/474\/revisions\/23350"}],"wp:featuredmedia":[{"embeddable":true,"href":"https:\/\/primevestcp.com\/de\/wp-json\/wp\/v2\/media\/20744"}],"wp:attachment":[{"href":"https:\/\/primevestcp.com\/de\/wp-json\/wp\/v2\/media?parent=474"}],"curies":[{"name":"wp","href":"https:\/\/api.w.org\/{rel}","templated":true}]}}