{"id":480,"date":"2021-05-31T13:17:24","date_gmt":"2021-05-31T13:17:24","guid":{"rendered":"https:\/\/primevestcp.com\/about\/history\/"},"modified":"2025-02-04T15:12:50","modified_gmt":"2025-02-04T14:12:50","slug":"history","status":"publish","type":"page","link":"https:\/\/primevestcp.com\/de\/about\/history\/","title":{"rendered":"Unsere Werte"},"content":{"rendered":"<p><strong>Ihr Integraler Partner<br \/>\n<\/strong>Als Ihr integraler Partner setzen wir uns langfristig f\u00fcr Ihr Anlageverm\u00f6gen ein, \u00fcber Konjunkturverl\u00e4ufe und Lebenszyklen hinweg. Unsere stets verl\u00e4ssliche und vertrauensw\u00fcrdige Arbeit setzt die Interessen unserer Investoren immer an erste Stelle. Wir sind bestrebt unsere Aufgaben und betriebswirtschaftlichen Ziele mit denen unserer Partner in Einklang zu bringen, um langfristige Investitionen und gesellschaftlich vertr\u00e4gliche Renditen zu erm\u00f6glichen.<\/p>\n<p>Wir alle stehen auf der gleichen Seite und doch sind schwierige Verhandlungen oder Gespr\u00e4che manchmal notwendig. Auch dann bleiben wir unserer Integrit\u00e4t und den Interessen aller Beteiligten verpflichtet. Weder nehmen wir Abk\u00fcrzungen, noch gehen wir unn\u00f6tige Risiken ein, da wir unsere Gesch\u00e4ftsbeziehungen als unser wertvollstes Kapital verstehen.<\/p>\n<p><strong>Einzigartiges Wissen<br \/>\n<\/strong>Durch unser fundiertes Wissen stellen wir komplexe Sachverhalte verst\u00e4ndlich dar und liefern Transparenz und Wertsch\u00f6pfung. Unsere Einsch\u00e4tzung von weniger bekannten realen Verm\u00f6genswerten, unser tiefgehendes Branchen-Fachwissen und die Vielf\u00e4ltigkeit unserer Mitarbeiter unterscheidet uns von eher traditionellen Investment-Gesellschaften. Als Investment-Boutique beg\u00fcnstigen unsere Organisationsstruktur und unsere Kenntnisse schnelle und flexible Entscheidungswege.<\/p>\n<p>Unsere Neugier, die konstante Vertiefung unseres Wissens, das Erlernen neuer F\u00e4higkeiten und die Erforschung neuer M\u00e4rkte h\u00e4lt uns immer auf dem aktuellsten Stand. Durch unser einzigartiges Wissen und unsere unkonventionellen Denkans\u00e4tze sind wir in der Lage, Opportunit\u00e4ten zu erkennen und zu sichern, die andere nicht sehen.<\/p>\n<p><strong>Unsere unkonventionelle Denkweise<br \/>\n<\/strong>Unsere unkonventionelle Denkweise bringt Ideen hervor, die uns in die Lage versetzen, innovative und oft bahnbrechende Gelegenheiten f\u00fcr unsere Investoren zu erkennen und unsere Partner darin zu unterst\u00fctzen, diese Werte zu erschlie\u00dfen.<\/p>\n<p>Wir sind kreativ, und wollen Themen anders oder besser angehen, sei es bei der Entwicklung neuer Produkte und Dienstleistungen oder bei Investments in neue Anlageklassen. Wir erkennen besser als andere die m\u00f6glichen Risiken und Chancen.<\/p>\n<p>Wir sichern unser wirtschaftliches Wachstum durch st\u00e4ndige Verbesserung, immer auf der Suche nach der besten L\u00f6sung. Bei Primevest streben wir nach Weiterentwicklung und Wachstum, als Unternehmen \u00a0und als Team.<\/p>\n<p><strong>Strukturierte Spitzenleistung<br \/>\n<\/strong>Als Team streben wir nach strukturierter Spitzenleistung. Jeder unserer Mitarbeiter leistet seinen Beitrag, um unsere \u201eVision\u201c zu realisieren. Im seltenen Fall, dass wir als Solisten agieren, geschieht dies auf der Basis unserer festgelegten Werte, Grunds\u00e4tze und Zielsetzung, denen wir treu bleiben.<\/p>\n<p>Wir sind in der Lage, spezialisierte Teams zusammenzustellen, die bereichs\u00fcbergreifend und in verschiedenen Anlageklassen t\u00e4tig werden.<\/p>\n<p>Unser Ziel ist es, Spitzenleistungen zu erbringen bei allem was wir tun, um zu garantieren, dass selbst die allt\u00e4glichsten Aufgaben mit Sorgfalt ausgef\u00fchrt werden. Wir sind auf die Resonanz unserer Partner angewiesen, um unsere Arbeitsweise zu verbessern und unseren Mitarbeitern die Arbeitsmittel und Ausbildung zur Verf\u00fcgung zu stellen, die sie ben\u00f6tigen, um unsere anspruchsvollen Vorgaben zu erf\u00fcllen.<\/p>\n<img loading=\"lazy\" decoding=\"async\" class=\"alignleft size-medium wp-image-20736\" src=\"https:\/\/primevestcp.com\/wp-content\/uploads\/2021\/10\/Still4-832x468.jpg\" alt=\"\" width=\"832\" height=\"468\" srcset=\"https:\/\/primevestcp.com\/wp-content\/uploads\/2021\/10\/Still4-832x468.jpg 832w, https:\/\/primevestcp.com\/wp-content\/uploads\/2021\/10\/Still4-1256x707.jpg 1256w, https:\/\/primevestcp.com\/wp-content\/uploads\/2021\/10\/Still4-768x432.jpg 768w, https:\/\/primevestcp.com\/wp-content\/uploads\/2021\/10\/Still4-1536x864.jpg 1536w, https:\/\/primevestcp.com\/wp-content\/uploads\/2021\/10\/Still4-2048x1152.jpg 2048w\" sizes=\"auto, (max-width: 832px) 100vw, 832px\" \/>\n","protected":false},"excerpt":{"rendered":"<p>Unsere unternehmenswerte sind uns wichtig. Unser Ziel ist es, Spitzenleistungen zu erbringen bei allem was wir tun, um zu garantieren, dass selbst die allt\u00e4glichsten Aufgaben mit Sorgfalt ausgef\u00fchrt werden.<\/p>\n","protected":false},"author":2,"featured_media":20724,"parent":474,"menu_order":1,"comment_status":"closed","ping_status":"closed","template":"","meta":{"_acf_changed":false,"footnotes":""},"class_list":["post-480","page","type-page","status-publish","has-post-thumbnail","hentry"],"acf":[],"aioseo_notices":[],"_links":{"self":[{"href":"https:\/\/primevestcp.com\/de\/wp-json\/wp\/v2\/pages\/480","targetHints":{"allow":["GET"]}}],"collection":[{"href":"https:\/\/primevestcp.com\/de\/wp-json\/wp\/v2\/pages"}],"about":[{"href":"https:\/\/primevestcp.com\/de\/wp-json\/wp\/v2\/types\/page"}],"author":[{"embeddable":true,"href":"https:\/\/primevestcp.com\/de\/wp-json\/wp\/v2\/users\/2"}],"replies":[{"embeddable":true,"href":"https:\/\/primevestcp.com\/de\/wp-json\/wp\/v2\/comments?post=480"}],"version-history":[{"count":11,"href":"https:\/\/primevestcp.com\/de\/wp-json\/wp\/v2\/pages\/480\/revisions"}],"predecessor-version":[{"id":24639,"href":"https:\/\/primevestcp.com\/de\/wp-json\/wp\/v2\/pages\/480\/revisions\/24639"}],"up":[{"embeddable":true,"href":"https:\/\/primevestcp.com\/de\/wp-json\/wp\/v2\/pages\/474"}],"wp:featuredmedia":[{"embeddable":true,"href":"https:\/\/primevestcp.com\/de\/wp-json\/wp\/v2\/media\/20724"}],"wp:attachment":[{"href":"https:\/\/primevestcp.com\/de\/wp-json\/wp\/v2\/media?parent=480"}],"curies":[{"name":"wp","href":"https:\/\/api.w.org\/{rel}","templated":true}]}}