{"id":483,"date":"2021-05-31T13:17:40","date_gmt":"2021-05-31T13:17:40","guid":{"rendered":"https:\/\/primevestcp.com\/about\/vision\/"},"modified":"2025-11-20T17:06:22","modified_gmt":"2025-11-20T16:06:22","slug":"nachhaltigkeit","status":"publish","type":"page","link":"https:\/\/primevestcp.com\/de\/about\/nachhaltigkeit\/","title":{"rendered":"Nachhaltigkeit (ESG)"},"content":{"rendered":"<p>Unser Ziel ist es, einen konsistenten ESG-Ansatz sowohl f\u00fcr unsere B\u00fcros als auch die drei Gesch\u00e4ftsbereiche und Fonds zu entwickeln, wenngleich sich diese auch in einem unterschiedlichen Entwicklungsstadium befinden, je nach Bedarf der Fondsanleger und den Auswirkungen der zugrunde liegenden realen Verm\u00f6genswerte.<\/p>\n<p>Unser Auftrag umfasst die Investition in die Zukunft von St\u00e4dten, und als solches sehen wir UNSDG Nr. 11 \u2013 Nachhaltige St\u00e4dte und Gemeinden &#8211; als die \u00fcbergeordnete Zielsetzung unserer ESG-Agenda.<\/p>\n<p><a href=\"https:\/\/www.un.org\/sustainabledevelopment\/cities\/\" target=\"_blank\" rel=\"noopener\">UNSDG 11 &#8211; St\u00e4dte inklusiv, sicher, belastbar und nachhaltig machen.\u00a0<\/a><\/p>\n<p>Die Urbanisierung setzt sich weltweit fort, und unsere St\u00e4dte expandieren immer weiter. Dieses Ziel konzentriert sich auf die Strukturierung dieser Gro\u00dfst\u00e4dte auf nachhaltige Weise: sicher, intelligent und mit einem Schwerpunkt auf Mensch und Umwelt. Technologische und \u00f6kologische Innovation sind die verbindenden Elemente, und in irgendeiner Weise leisten all unsere Fonds einen Beitrag zur Entwicklung nachhaltiger Metropolen.<\/p>\n<ul>\n<li><strong>Technologie:<\/strong> bildet das R\u00fcckgrat der Infrastruktur\u00a0mittels Bereitstellung von technologischen Mitteln und Daten, um den Menschen ein nachhaltigeres Leben zu erm\u00f6glichen;<\/li>\n<li><strong>Wohnen:<\/strong> stellt unseren urbanen Bewohnern modernen und erschwinglichen Wohnraum zur Verf\u00fcgung &#8211; und wir arbeiten gemeinsam mit unseren Anlegern daran, sicherzustellen, dass die von uns gelieferten Unterk\u00fcnfte unter Ber\u00fccksichtigung langfristiger nachhaltiger Entwicklungsziele entwickelt werden;<\/li>\n<li><strong>Parken:<\/strong> Parkh\u00e4user entwickeln sich zu Mobilit\u00e4tsknotenpunkten der Stadtzentren. Sie schaffen nicht nur eine Abstellm\u00f6glichkeit f\u00fcr Autos, sondern holen auch Fahrzeuge von der Stra\u00dfe und bieten zunehmend breiter angelegte Nutzungsmodelle wie Abhol- und Lieferpunkte. \u00dcberraschenderweise geh\u00f6ren Parkh\u00e4user zu den energieeffizientesten Immobilien.<\/li>\n<\/ul>\n","protected":false},"excerpt":{"rendered":"<p>Der \u00f6kologische, soziale und F\u00fchrungsrahmen (ESG) von Primevest Capital Partners basiert auf den 17 Nachhaltigkeitszielen der UN, oder den \u2018UNSDG\u2019, die im Jahr 2015 von allen Mitgliedsstaaten der Organisation angenommen worden sind.<\/p>\n","protected":false},"author":2,"featured_media":23199,"parent":474,"menu_order":2,"comment_status":"closed","ping_status":"closed","template":"template_esg.php","meta":{"_acf_changed":false,"footnotes":""},"class_list":["post-483","page","type-page","status-publish","has-post-thumbnail","hentry"],"acf":[],"aioseo_notices":[],"_links":{"self":[{"href":"https:\/\/primevestcp.com\/de\/wp-json\/wp\/v2\/pages\/483","targetHints":{"allow":["GET"]}}],"collection":[{"href":"https:\/\/primevestcp.com\/de\/wp-json\/wp\/v2\/pages"}],"about":[{"href":"https:\/\/primevestcp.com\/de\/wp-json\/wp\/v2\/types\/page"}],"author":[{"embeddable":true,"href":"https:\/\/primevestcp.com\/de\/wp-json\/wp\/v2\/users\/2"}],"replies":[{"embeddable":true,"href":"https:\/\/primevestcp.com\/de\/wp-json\/wp\/v2\/comments?post=483"}],"version-history":[{"count":14,"href":"https:\/\/primevestcp.com\/de\/wp-json\/wp\/v2\/pages\/483\/revisions"}],"predecessor-version":[{"id":25256,"href":"https:\/\/primevestcp.com\/de\/wp-json\/wp\/v2\/pages\/483\/revisions\/25256"}],"up":[{"embeddable":true,"href":"https:\/\/primevestcp.com\/de\/wp-json\/wp\/v2\/pages\/474"}],"wp:featuredmedia":[{"embeddable":true,"href":"https:\/\/primevestcp.com\/de\/wp-json\/wp\/v2\/media\/23199"}],"wp:attachment":[{"href":"https:\/\/primevestcp.com\/de\/wp-json\/wp\/v2\/media?parent=483"}],"curies":[{"name":"wp","href":"https:\/\/api.w.org\/{rel}","templated":true}]}}