{"id":497,"date":"2021-05-31T13:18:17","date_gmt":"2021-05-31T13:18:17","guid":{"rendered":"https:\/\/primevestcp.com\/about\/careers\/"},"modified":"2025-05-21T15:10:15","modified_gmt":"2025-05-21T13:10:15","slug":"careers","status":"publish","type":"page","link":"https:\/\/primevestcp.com\/de\/about\/careers\/","title":{"rendered":"Karrieren"},"content":{"rendered":"<p>Die Welt der grenz\u00fcberschreitenden Immobilienanlagen ist Fun. Die Mitglieder unserer zusammengeschwei\u00dften Teams in den Niederlassungen in Utrecht und Berlin stammen aus der ganzen Welt. Vielsprachig und multikulturell, wir besitzen eine wahrhaft internationale Einstellung. Wir m\u00f6chten daher auch Talente f\u00f6rdern. Wir haben Partnerschaften mit FRESH Students und Foreas geschlossen, der niederl\u00e4ndischen Studentenentwicklungsplattform, und bieten als Teil dieses Programms Praktika an.<\/p>\n<p>Wir freuen uns immer wieder, von talentierten Menschen zu h\u00f6ren, die ihre Karriere im Bereich des Immobilienanlagen-Management vorantreiben wollen. Wenn Sie mehr erfahren m\u00f6chten, senden Sie uns bitte eine E-Mail an <a href=\"mailto:karriere@primevestcp.com\" target=\"_blank\" rel=\"noopener\">karriere@primevestcp.com<\/a><\/p>\n<p>&nbsp;<\/p>\n<div class=\"cleardiv\"><\/div>\n<div class=\"space large\"><\/div>\n<div style=\"padding: 56.25% 0 0 0; position: relative;\"><iframe style=\"position: absolute; top: 0; left: 0; width: 100%; height: 100%;\" src=\"https:\/\/player.vimeo.com\/video\/867877881?h=997942ab36&amp;loop=1&amp;title=1\" frameborder=\"0\" allowfullscreen=\"allowfullscreen\"><\/iframe><\/div>\n<script src=\"https:\/\/player.vimeo.com\/api\/player.js\"><\/script>\n","protected":false},"excerpt":{"rendered":"<p>Arbeiten bei Primevest Capital Partners<br \/>\nUnsere Mitarbeiter sind unser wichtigstes Kapital, deshalb investieren wir kontinuierlich in unsere Mitarbeiter. Schulungen und professionelle Beratung sorgen f\u00fcr eine qualitativ hochwertige Belegschaft.<\/p>\n","protected":false},"author":2,"featured_media":18142,"parent":474,"menu_order":4,"comment_status":"closed","ping_status":"closed","template":"template_careers_backup.php","meta":{"_acf_changed":false,"footnotes":""},"class_list":["post-497","page","type-page","status-publish","has-post-thumbnail","hentry"],"acf":[],"aioseo_notices":[],"_links":{"self":[{"href":"https:\/\/primevestcp.com\/de\/wp-json\/wp\/v2\/pages\/497","targetHints":{"allow":["GET"]}}],"collection":[{"href":"https:\/\/primevestcp.com\/de\/wp-json\/wp\/v2\/pages"}],"about":[{"href":"https:\/\/primevestcp.com\/de\/wp-json\/wp\/v2\/types\/page"}],"author":[{"embeddable":true,"href":"https:\/\/primevestcp.com\/de\/wp-json\/wp\/v2\/users\/2"}],"replies":[{"embeddable":true,"href":"https:\/\/primevestcp.com\/de\/wp-json\/wp\/v2\/comments?post=497"}],"version-history":[{"count":34,"href":"https:\/\/primevestcp.com\/de\/wp-json\/wp\/v2\/pages\/497\/revisions"}],"predecessor-version":[{"id":25061,"href":"https:\/\/primevestcp.com\/de\/wp-json\/wp\/v2\/pages\/497\/revisions\/25061"}],"up":[{"embeddable":true,"href":"https:\/\/primevestcp.com\/de\/wp-json\/wp\/v2\/pages\/474"}],"wp:featuredmedia":[{"embeddable":true,"href":"https:\/\/primevestcp.com\/de\/wp-json\/wp\/v2\/media\/18142"}],"wp:attachment":[{"href":"https:\/\/primevestcp.com\/de\/wp-json\/wp\/v2\/media?parent=497"}],"curies":[{"name":"wp","href":"https:\/\/api.w.org\/{rel}","templated":true}]}}