{"id":503,"date":"2021-05-10T14:46:08","date_gmt":"2021-05-10T14:46:08","guid":{"rendered":"https:\/\/primevestcp.com\/contact\/"},"modified":"2025-03-11T17:21:15","modified_gmt":"2025-03-11T16:21:15","slug":"contact","status":"publish","type":"page","link":"https:\/\/primevestcp.com\/de\/contact\/","title":{"rendered":"Kontakt"},"content":{"rendered":"<p>Unsere B\u00fcros befinden sich in Utrecht, Berlin und Eindhoven.<\/p>\n<p><strong>Primevest Capital Partners Nederland B.V.<\/strong><br \/>\nStadsplateau 26B<br \/>\n3521 AZ Utrecht<br \/>\nDie Niederlande<br \/>\nT: +31 30 740 00 57<br \/>\n<a href=\"mailto:info@primevestcp.com\">info@primevestcp.com<\/a><\/p>\n<p><strong>Primevest-Capital-Partners Deutschland GmbH\u00a0<\/strong><br \/>\nKurf\u00fcrstendamm 186<br \/>\n10707 Berlin<br \/>\nDeutschland<br \/>\nT: +49 30 338\u00a0 43\u00a0 240<br \/>\nFax: +49 30 338\u00a0 432\u00a0 499<br \/>\n<a href=\"mailto:berlin@primevestcp.com\">berlin@primevestcp.com<\/a><\/p>\n<p><strong>Holland Immo Group\u00a0<\/strong><br \/>\nFlight Forum 154 (Gebouw Luchtruim)<br \/>\n5657 DD Eindhoven<br \/>\nPostbus 8734, 5605 LS Eindhoven<br \/>\nT: + 31 (0)40 235 26 35<br \/>\n<a href=\"mailto:info@hollandimmogroup.nl\">info@hollandimmogroup.nl<\/a><\/p>\n<p>F\u00fcr Pressefragen zu unserem Kerngesch\u00e4ft wenden Sie sich bitte \u00fcber <a href=\"mailto:press@primevestcp.com\">press@primevestcp.com<\/a><\/p>\n<div id=\"wrapper\">\n<div id=\"main\" class=\"clearfix \">\n<div class=\"avada-row\">\n<div id=\"content-wrapper\">\n<div id=\"content\">\n<div id=\"post-15019\" class=\"post-15019 page type-page status-publish hentry\">\n<div class=\"post-content\">\n<div class=\"page\" title=\"Page 31\">\n<div class=\"layoutArea\">\n<p>Die Primevest-Capital-Partners Deutschland GmbH nimmt am Schlichtungsverfahren gem\u00e4\u00df \u00a7 36 VSBG \u00fcber die Ombudsstelle f\u00fcr Sachwerte und Investmentverm\u00f6gen e.V. teil.<br \/>\nZust\u00e4ndige Verbraucherschlichtungsstelle:<\/p>\n<p>Ombudsstelle f\u00fcr Sachwerte und Investmentverm\u00f6gen e.V.<br \/>\nPostfach 61 02 69<br \/>\n10924 Berlin<br \/>\n<a href=\"mailto:info@ombudsstelle.com\">info@ombudsstelle.com<\/a><br \/>\n<a href=\"http:\/\/www.ombudsstelle.com\/\" target=\"_blank\" rel=\"noopener noreferrer\">www.ombudsstelle.com<\/a><\/p>\n<\/div>\n<\/div>\n<\/div>\n<\/div>\n<\/div>\n<\/div>\n<\/div>\n<\/div>\n<\/div>\n","protected":false},"excerpt":{"rendered":"<p>Primevest Capital Partners<br \/>\nFrom our offices in Utrecht and Berlin, a team of 40 professionals manage \u20ac1.9 billion of assets across six sector-focused funds and two individual institutional mandates. <\/p>\n","protected":false},"author":2,"featured_media":23329,"parent":0,"menu_order":5,"comment_status":"closed","ping_status":"closed","template":"","meta":{"_acf_changed":false,"footnotes":""},"class_list":["post-503","page","type-page","status-publish","has-post-thumbnail","hentry"],"acf":[],"aioseo_notices":[],"_links":{"self":[{"href":"https:\/\/primevestcp.com\/de\/wp-json\/wp\/v2\/pages\/503","targetHints":{"allow":["GET"]}}],"collection":[{"href":"https:\/\/primevestcp.com\/de\/wp-json\/wp\/v2\/pages"}],"about":[{"href":"https:\/\/primevestcp.com\/de\/wp-json\/wp\/v2\/types\/page"}],"author":[{"embeddable":true,"href":"https:\/\/primevestcp.com\/de\/wp-json\/wp\/v2\/users\/2"}],"replies":[{"embeddable":true,"href":"https:\/\/primevestcp.com\/de\/wp-json\/wp\/v2\/comments?post=503"}],"version-history":[{"count":21,"href":"https:\/\/primevestcp.com\/de\/wp-json\/wp\/v2\/pages\/503\/revisions"}],"predecessor-version":[{"id":24960,"href":"https:\/\/primevestcp.com\/de\/wp-json\/wp\/v2\/pages\/503\/revisions\/24960"}],"wp:featuredmedia":[{"embeddable":true,"href":"https:\/\/primevestcp.com\/de\/wp-json\/wp\/v2\/media\/23329"}],"wp:attachment":[{"href":"https:\/\/primevestcp.com\/de\/wp-json\/wp\/v2\/media?parent=503"}],"curies":[{"name":"wp","href":"https:\/\/api.w.org\/{rel}","templated":true}]}}