{"id":21694,"date":"2021-09-29T11:56:59","date_gmt":"2021-09-29T09:56:59","guid":{"rendered":"https:\/\/primevestcp.com\/about\/strategy\/"},"modified":"2025-02-04T15:09:26","modified_gmt":"2025-02-04T14:09:26","slug":"strategy","status":"publish","type":"page","link":"https:\/\/primevestcp.com\/es\/about\/strategy\/","title":{"rendered":"Estrategia"},"content":{"rendered":"<p>La evoluci\u00f3n de nuestro \u00e1mbito urbano est\u00e1 siendo impulsada por los cambios demogr\u00e1ficos, econ\u00f3micos, sociales, tecnol\u00f3gicos y medioambientales que, a su vez, est\u00e1n transformando fundamentalmente la forma en que vivimos, trabajamos y pasamos nuestro tiempo de ocio.<\/p>\n<p>En el 2018, seg\u00fan el \u00a0informe de perspectivas de Urbanizaci\u00f3n Mundial de la ONU, casi tres cuartas partes de la poblaci\u00f3n europea viv\u00eda en zonas urbana. Se prev\u00e9 que esa proporci\u00f3n aumente hasta un 80% en 2040 y casi un 85% en 2050. Esta tendencia a la urbanizaci\u00f3n significa que las ciudades europeas estar\u00e1n m\u00e1s densamente pobladas, lo que supondr\u00e1 una mayor demanda de recursos naturales, se dar\u00e1 lugar a un envejecimiento estructural de la poblaci\u00f3n urbana y a un aumento de los hogares unipersonales. Al mismo tiempo, los inversores est\u00e1n dando m\u00e1s importancia a los factores medioambientales, sociales y de gobernanza, la consultora PWC \u00a0prev\u00e9 que el 60% de los gestores de fondos tendr\u00e1n en cuenta estas cuestiones a la hora de invertir y el 77% de los inversores institucionales afirman que dejar\u00e1n de adquirir activos que no cumplan sus criterios ASG de aqu\u00ed a 2022. Esta transformaci\u00f3n, tanto en nuestros entornos urbanos como en las exigencias de nuestros inversores, enmarca nuestras estrategias de inversi\u00f3n.<\/p>\n<p>Existen 3 retos que plantea el aumento de la densidad urbana, impulsado por el continuo crecimiento de la poblaci\u00f3n que se traslada a las ciudades, lo cuales son:<\/p>\n<ul>\n<li>Asequibilidad<\/li>\n<li>Falta de espacio<\/li>\n<li>Suministro de una conexi\u00f3n \u00f3ptima de Internet<\/li>\n<\/ul>\n<p>At Primevest we are helping to solve these issues, by delivering modern and affordable accommodation, offering off-street parking spaces which frees up public space for citizens and by investing in high-quality communication infrastructure.<\/p>\n<p>En Primevest ayudamos a resolver estos problemas, proporcionando alojamientos modernos y con rentas asequibles, ofreciendo plazas de aparcamiento fuera de las calles as\u00ed se libera el espacio p\u00fablico para los ciudadanos, e invirtiendo en infraestructuras de comunicaci\u00f3n de alta calidad.<\/p>\n<p><!--more--><\/p>\n<p><strong>Residencial &#8211; Permitiendo una vida contempor\u00e1nea asequible<\/strong><br \/>\nA medida que nuestras ciudades se vuelven m\u00e1s din\u00e1micas e internacionales la vida urbana se va redefiniendo, y aunque todav\u00eda no hemos visto cu\u00e1n profundas y duraderas ser\u00e1n las repercusiones de la pandemia del Covid-19 en estas tendencias a largo plazo, la forma en que vivimos y trabajamos sigue evolucionando. Est\u00e1n surgiendo nuevos conceptos residenciales, por ejemplo, hay un cambio hacia apartamentos m\u00e1s peque\u00f1os que atienden a j\u00f3venes profesionales y hogares unipersonales. Los complejos residenciales para familias incorporan cada vez m\u00e1s servicios compartidos, como instalaciones comerciales y de ocio, guarder\u00edas y centros de trabajo. Los nuevos complejos residenciales con instalaciones m\u00e9dicas y asistenciales est\u00e1n sustituyendo a las residencias de ancianos, para ayudar a los mayores a permanecer en sus casas durante m\u00e1s tiempo.<\/p>\n<p>En las ciudades densamente pobladas de Europa las tecnolog\u00edas modernas a la vanguardia, &#8220;el Internet de las cosas&#8221;, son cada vez m\u00e1s fundamentales para reducir el consumo de energ\u00eda, hacer funcionar nuestros hogares, transmitir nuestro entretenimiento y quiz\u00e1s, en el futuro, se utilizar\u00e1n universalmente para controlar nuestra salud. Estos avances tecnol\u00f3gicos tambi\u00e9n est\u00e1n impulsando la evoluci\u00f3n de nuestras ciudades.<\/p>\n<p><strong>Infraestructura de comunicaci\u00f3n &#8211; Habilitando la conectividad<\/strong><br \/>\nNo cabe duda de que la tecnolog\u00eda desempe\u00f1a un papel fundamental en el desarrollo de las ciudades del futuro. Nuestro objetivo es permitir la conectividad mediante la inversi\u00f3n en infraestructura de comunicaciones, como cables, antenas, &#8220;postes de luz inteligentes&#8221; y centros de datos. Esta infraestructura constituye la autopista digital por la que se transmiten los datos y, a medida que el consumo aumenta, la inversi\u00f3n debe crecer a la par. En toda Europa se calcula que se necesitan unos 30.000 millones de euros de financiaci\u00f3n en infraestructuras de comunicaci\u00f3n para modernizar las redes y facilitar una mejor conectividad para todos.<\/p>\n<p>La sostenibilidad se entrelaza en este panorama mediante el uso de los modernos cables de fibra \u00f3ptica, que son la columna vertebral de las comunicaciones de nuestras ciudades. Gracias a que tienen la capacidad de transportan una mayor cantidad de datos y a su vez son m\u00e1s energ\u00e9ticamente eficientes que los cables tradicionales de cobre. En el nuevo paisaje urbano emergente, la tecnolog\u00eda m\u00e1s antigua de la calle se convierte en el poste de luz inteligente utilizado para cargar los coches el\u00e9ctricos, o como postes de transmisi\u00f3n de datos que facilitan el control y la reducci\u00f3n del consumo de energ\u00eda.<\/p>\n<p><strong>Estacionamientos \u2013 Facilitando la movilidad<\/strong><br \/>\nYa vemos que nuestras inversiones en aparcamientos est\u00e1n pasando de ser garajes de uso \u00fanico a centros de movilidad con m\u00faltiples usos, como nodos de datos, puntos de recarga, centros de recogida de comercio electr\u00f3nico y centros de entrega de catering, convirti\u00e9ndose as\u00ed en infraestructuras urbanas esenciales. Estos centros de movilidad apoyan a las autoridades municipales en su objetivo de reducir el acceso de los coches privados al centro de las ciudades, sustituy\u00e9ndolos por alternativas m\u00e1s respetuosas con el medio ambiente.<\/p>\n<p>Los nuevos enlaces a las aplicaciones m\u00f3viles de las farolas inteligentes est\u00e1n ayudando a las personas, y quiz\u00e1s en el futuro a los coches sin conductor, a encontrar plazas de aparcamiento de forma m\u00e1s eficiente, reduciendo as\u00ed la congesti\u00f3n y las emisiones contaminantes.<\/p>\n","protected":false},"excerpt":{"rendered":"<p>La evoluci\u00f3n de nuestro \u00e1mbito urbano est\u00e1 siendo impulsada por los cambios demogr\u00e1ficos, econ\u00f3micos, sociales, tecnol\u00f3gicos y medioambientales que, a su vez, est\u00e1n transformando fundamentalmente la forma en que vivimos, trabajamos y pasamos nuestro tiempo de ocio. En el 2018, seg\u00fan el \u00a0informe de perspectivas de Urbanizaci\u00f3n Mundial de la ONU, casi tres cuartas partes [&hellip;]<\/p>\n","protected":false},"author":8,"featured_media":19560,"parent":475,"menu_order":0,"comment_status":"closed","ping_status":"closed","template":"","meta":{"_acf_changed":false,"footnotes":""},"class_list":["post-21694","page","type-page","status-publish","has-post-thumbnail","hentry"],"acf":[],"aioseo_notices":[],"_links":{"self":[{"href":"https:\/\/primevestcp.com\/es\/wp-json\/wp\/v2\/pages\/21694","targetHints":{"allow":["GET"]}}],"collection":[{"href":"https:\/\/primevestcp.com\/es\/wp-json\/wp\/v2\/pages"}],"about":[{"href":"https:\/\/primevestcp.com\/es\/wp-json\/wp\/v2\/types\/page"}],"author":[{"embeddable":true,"href":"https:\/\/primevestcp.com\/es\/wp-json\/wp\/v2\/users\/8"}],"replies":[{"embeddable":true,"href":"https:\/\/primevestcp.com\/es\/wp-json\/wp\/v2\/comments?post=21694"}],"version-history":[{"count":2,"href":"https:\/\/primevestcp.com\/es\/wp-json\/wp\/v2\/pages\/21694\/revisions"}],"predecessor-version":[{"id":21696,"href":"https:\/\/primevestcp.com\/es\/wp-json\/wp\/v2\/pages\/21694\/revisions\/21696"}],"up":[{"embeddable":true,"href":"https:\/\/primevestcp.com\/es\/wp-json\/wp\/v2\/pages\/475"}],"wp:featuredmedia":[{"embeddable":true,"href":"https:\/\/primevestcp.com\/es\/wp-json\/wp\/v2\/media\/19560"}],"wp:attachment":[{"href":"https:\/\/primevestcp.com\/es\/wp-json\/wp\/v2\/media?parent=21694"}],"curies":[{"name":"wp","href":"https:\/\/api.w.org\/{rel}","templated":true}]}}