{"id":399,"date":"2021-05-11T11:32:37","date_gmt":"2021-05-11T11:32:37","guid":{"rendered":"https:\/\/primevestcp.com\/homepage\/"},"modified":"2025-02-04T14:11:47","modified_gmt":"2025-02-04T13:11:47","slug":"homepage","status":"publish","type":"page","link":"https:\/\/primevestcp.com\/es\/","title":{"rendered":"Homepage"},"content":{"rendered":"<p><strong>Nuestra filosof\u00eda de inversi\u00f3n y nuestra visi\u00f3n se ven reforzadas por la tendencia actual de urbanizaci\u00f3n y la capacidad de satisfacer las necesidades de las comunidades metropolitanas modernas, al tiempo que mejoramos la calidad y la sostenibilidad de la vida de las personas. <\/strong><\/p>\n<p>Desde nuestras oficinas en Utrecht, Eindhoven y Berl\u00edn, un equipo de 70 profesionales gestiona 3.000 millones de euros en activos divididos en fondos sectoriales y clientes institucionales individuales con el respaldo de Commonwealth Investments, nuestra estrategia y nuestras ambiciones de crecimiento futuro respaldados por nuestros principios y valores empresariales, los cuales definen nuestro enfoque de la inversi\u00f3n en un mundo cada vez m\u00e1s conectado.<\/p>\n<blockquote><p><em>\u00a0<\/em><em>\u201cLa necesidad de ciudades m\u00e1s inteligentes est\u00e1 acelerando con una disrupci\u00f3n global sin precedentes y a medida que las personas se adaptan a nuevas formas de trabajar y vivir, vemos que la demanda de una vida moderna y asequible, de una mejor conectividad y movilidad aumenta. Nuestros inversores pueden beneficiarse de estas importantes tendencias del mercado y confiar en nosotros para obtener los rendimientos a largo plazo los cuales pueden lograrse mediante la inversi\u00f3n en infraestructura de activos reales necesaria para el futuro de nuestras ciudades.\u201d<br \/>\n<strong><br \/>\nPeter Helfrich, Managing Director, Primevest Capital Partners<\/strong><\/em><\/p><\/blockquote>\n<p><em>\u00a0<\/em><\/p>\n","protected":false},"excerpt":{"rendered":"<p>Nuestra filosof\u00eda de inversi\u00f3n y nuestra visi\u00f3n se ven reforzadas por la tendencia actual de urbanizaci\u00f3n y la capacidad de satisfacer las necesidades de las comunidades metropolitanas modernas, al tiempo que mejoramos la calidad y la sostenibilidad de la vida de las personas. Desde nuestras oficinas en Utrecht, Eindhoven y Berl\u00edn, un equipo de 70 [&hellip;]<\/p>\n","protected":false},"author":2,"featured_media":19820,"parent":0,"menu_order":0,"comment_status":"closed","ping_status":"closed","template":"template_homepage.php","meta":{"_acf_changed":false,"footnotes":""},"class_list":["post-399","page","type-page","status-publish","has-post-thumbnail","hentry"],"acf":[],"aioseo_notices":[],"_links":{"self":[{"href":"https:\/\/primevestcp.com\/es\/wp-json\/wp\/v2\/pages\/399","targetHints":{"allow":["GET"]}}],"collection":[{"href":"https:\/\/primevestcp.com\/es\/wp-json\/wp\/v2\/pages"}],"about":[{"href":"https:\/\/primevestcp.com\/es\/wp-json\/wp\/v2\/types\/page"}],"author":[{"embeddable":true,"href":"https:\/\/primevestcp.com\/es\/wp-json\/wp\/v2\/users\/2"}],"replies":[{"embeddable":true,"href":"https:\/\/primevestcp.com\/es\/wp-json\/wp\/v2\/comments?post=399"}],"version-history":[{"count":25,"href":"https:\/\/primevestcp.com\/es\/wp-json\/wp\/v2\/pages\/399\/revisions"}],"predecessor-version":[{"id":23356,"href":"https:\/\/primevestcp.com\/es\/wp-json\/wp\/v2\/pages\/399\/revisions\/23356"}],"wp:featuredmedia":[{"embeddable":true,"href":"https:\/\/primevestcp.com\/es\/wp-json\/wp\/v2\/media\/19820"}],"wp:attachment":[{"href":"https:\/\/primevestcp.com\/es\/wp-json\/wp\/v2\/media?parent=399"}],"curies":[{"name":"wp","href":"https:\/\/api.w.org\/{rel}","templated":true}]}}