{"id":413,"date":"2021-05-05T14:38:29","date_gmt":"2021-05-05T14:38:29","guid":{"rendered":"https:\/\/primevestcp.com\/investment\/"},"modified":"2025-02-04T14:20:07","modified_gmt":"2025-02-04T13:20:07","slug":"estrategiadeinversion","status":"publish","type":"page","link":"https:\/\/primevestcp.com\/es\/estrategiadeinversion\/","title":{"rendered":"Estrategia de inversi\u00f3n"},"content":{"rendered":"<p>Somos pioneros. Fuimos uno de los primeros en invertir en aparcamientos, debido a que identificamos dicha oportunidad hace casi 20 a\u00f1os atr\u00e1s. Los aparcamientos han crecido hasta convertirse en una clase de activo reconocida por derecho propio, que ofrece una rentabilidad segura a largo plazo. En la actualidad, adem\u00e1s de los aparcamientos y de nuestros mandatos residenciales, invertimos en nuevas infraestructuras de comunicaci\u00f3n, que apuntalar\u00e1n al desarrollo de las ciudades y que creemos que ser\u00e1n cada vez m\u00e1s importantes a medida que siga creciendo el uso de los datos.<\/p>\n<p><!--more--><\/p>\n<blockquote>\n<h2>La transmisi\u00f3n e interpretaci\u00f3n de los flujos de datos son los cimientos de nuestra visi\u00f3n de las Ciudades del Futuro.<\/h2>\n<p>Bas van Dongen, Head of Communication Infrastructure<\/p><\/blockquote>\n<p>El uso de los datos est\u00e1 creciendo exponencialmente: es la cuarta revoluci\u00f3n industrial y est\u00e1 transformando nuestra forma de vivir. Al trazar nuestras inversiones sobre esta superautopista digital de datos, estamos acercando simult\u00e1neamente a nuestros inversores a la principal fuente de crecimiento de la econom\u00eda global moderna.<\/p>\n<p>Desde su creaci\u00f3n, Primevest Capital Partners se ha centrado en aumentar su experiencia, asegur\u00e1ndose de que contamos con los expertos necesarios para salvaguardar los fondos que se nos conf\u00edan. Expertos que aportan experiencia y conocimientos espec\u00edficos del sector. Esto nos permite ofrecer a los inversores un conocimiento inigualable de los sectores de activos reales especializados en los que invertimos y dar la seguridad a nuestros socios, los municipios y los operadores con los que trabajamos, de que sabemos de lo que hablamos, tanto desde el punto de vista de la inversi\u00f3n como del punto de vista operativo.<\/p>\n<p>Cont\u00e1ctanos <a href=\"https:\/\/primevestcp.com\/es\/contact\/\">aqu\u00ed<\/a>, si deseas obtener m\u00e1s informaci\u00f3n sobre invertir con nosotros.<\/p>\n","protected":false},"excerpt":{"rendered":"<p>Somos pioneros. Fuimos uno de los primeros en invertir en aparcamientos, debido a que identificamos dicha oportunidad hace casi 20 a\u00f1os atr\u00e1s. Los aparcamientos han crecido hasta convertirse en una clase de activo reconocida por derecho propio, que ofrece una rentabilidad segura a largo plazo. En la actualidad, adem\u00e1s de los aparcamientos y de nuestros [&hellip;]<\/p>\n","protected":false},"author":2,"featured_media":18291,"parent":0,"menu_order":1,"comment_status":"closed","ping_status":"closed","template":"template_investment.php","meta":{"_acf_changed":false,"footnotes":""},"class_list":["post-413","page","type-page","status-publish","has-post-thumbnail","hentry"],"acf":[],"aioseo_notices":[],"_links":{"self":[{"href":"https:\/\/primevestcp.com\/es\/wp-json\/wp\/v2\/pages\/413","targetHints":{"allow":["GET"]}}],"collection":[{"href":"https:\/\/primevestcp.com\/es\/wp-json\/wp\/v2\/pages"}],"about":[{"href":"https:\/\/primevestcp.com\/es\/wp-json\/wp\/v2\/types\/page"}],"author":[{"embeddable":true,"href":"https:\/\/primevestcp.com\/es\/wp-json\/wp\/v2\/users\/2"}],"replies":[{"embeddable":true,"href":"https:\/\/primevestcp.com\/es\/wp-json\/wp\/v2\/comments?post=413"}],"version-history":[{"count":32,"href":"https:\/\/primevestcp.com\/es\/wp-json\/wp\/v2\/pages\/413\/revisions"}],"predecessor-version":[{"id":24551,"href":"https:\/\/primevestcp.com\/es\/wp-json\/wp\/v2\/pages\/413\/revisions\/24551"}],"wp:featuredmedia":[{"embeddable":true,"href":"https:\/\/primevestcp.com\/es\/wp-json\/wp\/v2\/media\/18291"}],"wp:attachment":[{"href":"https:\/\/primevestcp.com\/es\/wp-json\/wp\/v2\/media?parent=413"}],"curies":[{"name":"wp","href":"https:\/\/api.w.org\/{rel}","templated":true}]}}