{"id":437,"date":"2021-05-17T14:31:21","date_gmt":"2021-05-17T14:31:21","guid":{"rendered":"https:\/\/primevestcp.com\/investment\/communication-infrastructure\/"},"modified":"2025-02-04T14:51:51","modified_gmt":"2025-02-04T13:51:51","slug":"conectividadydatos","status":"publish","type":"page","link":"https:\/\/primevestcp.com\/es\/estrategiadeinversion\/conectividadydatos\/","title":{"rendered":"Conectividad y Datos"},"content":{"rendered":"<p>En 2020, cuando la pandemia de Covid-19 cambi\u00f3 fundamentalmente la forma en que vivimos, trabajamos y nos comunicamos, nuestra dependencia de los datos se aceler\u00f3. La pandemia condens\u00f3 a\u00f1os de cambio en unos pocos meses. Y gran parte de ese cambio ha llegado para quedarse.<\/p>\n<p>En Primevest Capital Partners identificamos la necesidad de invertir en esta vital infraestructura y lanzamos nuestro primer fondo en 2017.\u00a0 La ventaja de ser los primeros nos permiti\u00f3 crear un equipo interno de expertos del sector y convertirnos en una interfaz esencial entre los inversores, por un lado, y los municipios y operadores, por otro. Ayudamos a ambas partes a entenderse. Nuestro conocimiento de estos activos nos permite optimizar el rendimiento para nuestros inversores. Es un lugar apasionante en el que hay que liberar el potencial que ofrecen estos activos al tiempo que permiten la conectividad y el avance de las ciudades.<\/p>\n<p><!--more--><\/p>\n<p>Nuestro enfoque permite a los inversores acceder a una cartera de activos estable con un perfil de bajo riesgo\/rendimiento. Los atractivos rendimientos se generan de tres maneras: en primer lugar, los rendimientos directos de los pagos regulares de los alquileres; en segundo lugar, los arrendamientos incluyen ajustes autom\u00e1ticos de la inflaci\u00f3n interanual (IPC); en tercer lugar, se crean plusval\u00edas a partir de las mejoras que realizamos en los activos o del aumento de la tasa de utilizaci\u00f3n de la red.<\/p>\n<p>Nuestra propiedad abre estos activos a m\u00faltiples operadores, lo que permite una mayor elecci\u00f3n del consumidor, un mejor uso y mayores niveles de alquiler. Para reducir el riesgo, limitamos la exposici\u00f3n de los inversores a la tecnolog\u00eda al no invertir en los operadores subyacentes, aunque hemos desarrollado s\u00f3lidas relaciones con muchos, como T-Mobile, Vodafone y otros operadores de telecomunicaciones regionales. Estas asociaciones nos permiten presentar soluciones listas para los municipios que buscan mejorar su conectividad.<\/p>\n<p><strong>Criterios de inversi\u00f3n<\/strong><\/p>\n<p>Somos selectivos en cuanto a los activos en los que invertimos. Todos ellos se centran en mejorar el acceso de los consumidores y las empresas a la banda ancha fija y m\u00f3vil, e incluyen:<\/p>\n<ul>\n<li><strong>Infraestructura de fibra para l\u00edneas fijas: <\/strong>Nuestras inversiones permiten ampliar la capacidad mediante la instalaci\u00f3n de cableado de fibra \u00f3ptica de alta velocidad, que alquilamos a m\u00faltiples operadores.<\/li>\n<li><strong>Torres de comunicaciones m\u00f3viles y de radiodifusi\u00f3n: <\/strong>Puede ser compartido por los operadores, lo que aumenta el uso a trav\u00e9s del agrupamiento.<\/li>\n<li><strong>Nodos de comunicaci\u00f3n (centros de datos):<\/strong> donde invertimos principalmente en la infraestructura compartida necesaria para mantenerlas operando.<\/li>\n<\/ul>\n<p>Desde el punto de vista geogr\u00e1fico, nos centramos en las zonas urbanas con suficiente densidad de poblaci\u00f3n y con s\u00f3lidas ubicaciones comerciales que est\u00e1n desatendidas por la infraestructura de telecomunicaciones en Alemania, Austria, los Pa\u00edses Bajos y B\u00e9lgica. Por ejemplo, Alemania, la mayor econom\u00eda europea, va a la zaga de muchos otros pa\u00edses en lo que se refiere a la provisi\u00f3n de Internet de alta velocidad de quinta generaci\u00f3n y se calcula que se necesitan unos 80.000 millones de euros para modernizar su cableado de fibra fija.<\/p>\n","protected":false},"excerpt":{"rendered":"<p>A medida que nuestro uso de los datos sigue creciendo exponencialmente, tambi\u00e9n lo hace la necesidad de invertir en la infraestructura. <\/p>\n","protected":false},"author":2,"featured_media":23970,"parent":413,"menu_order":3,"comment_status":"closed","ping_status":"closed","template":"template_expertise_overview.php","meta":{"_acf_changed":false,"footnotes":""},"class_list":["post-437","page","type-page","status-publish","has-post-thumbnail","hentry"],"acf":[],"aioseo_notices":[],"_links":{"self":[{"href":"https:\/\/primevestcp.com\/es\/wp-json\/wp\/v2\/pages\/437","targetHints":{"allow":["GET"]}}],"collection":[{"href":"https:\/\/primevestcp.com\/es\/wp-json\/wp\/v2\/pages"}],"about":[{"href":"https:\/\/primevestcp.com\/es\/wp-json\/wp\/v2\/types\/page"}],"author":[{"embeddable":true,"href":"https:\/\/primevestcp.com\/es\/wp-json\/wp\/v2\/users\/2"}],"replies":[{"embeddable":true,"href":"https:\/\/primevestcp.com\/es\/wp-json\/wp\/v2\/comments?post=437"}],"version-history":[{"count":17,"href":"https:\/\/primevestcp.com\/es\/wp-json\/wp\/v2\/pages\/437\/revisions"}],"predecessor-version":[{"id":24541,"href":"https:\/\/primevestcp.com\/es\/wp-json\/wp\/v2\/pages\/437\/revisions\/24541"}],"up":[{"embeddable":true,"href":"https:\/\/primevestcp.com\/es\/wp-json\/wp\/v2\/pages\/413"}],"wp:featuredmedia":[{"embeddable":true,"href":"https:\/\/primevestcp.com\/es\/wp-json\/wp\/v2\/media\/23970"}],"wp:attachment":[{"href":"https:\/\/primevestcp.com\/es\/wp-json\/wp\/v2\/media?parent=437"}],"curies":[{"name":"wp","href":"https:\/\/api.w.org\/{rel}","templated":true}]}}