{"id":475,"date":"2021-05-10T14:44:30","date_gmt":"2021-05-10T14:44:30","guid":{"rendered":"https:\/\/primevestcp.com\/about\/"},"modified":"2025-02-04T15:02:21","modified_gmt":"2025-02-04T14:02:21","slug":"about","status":"publish","type":"page","link":"https:\/\/primevestcp.com\/es\/about\/","title":{"rendered":"Sobre Primevest"},"content":{"rendered":"<p>Primevest Capital Partners es una boutique de inversi\u00f3n paneuropea especializada en inversiones en activos reales innovadores. En Primevest Capital Partners, nuestra visi\u00f3n es ayudar a nuestros clientes a asegurar su futuro financiero sostenible invirtiendo en el futuro de nuestras ciudades para hacer realidad una vida urbana sostenible, mejorar la conectividad y permitir la movilidad. Nuestra filosof\u00eda de inversi\u00f3n y nuestra visi\u00f3n se ven reforzadas por la tendencia actual de urbanizaci\u00f3n y la capacidad de satisfacer las necesidades de las comunidades metropolitanas modernas, al tiempo que mejoramos la calidad y la sostenibilidad de la vida de las personas.<\/p>\n<p>Desde nuestras oficinas en Utrecht y Berl\u00edn, un equipo de 70 profesionales gestiona 3.000 millones de euros en activos divididos en fondos sectoriales y clientes institucionales individuales con el respaldo de Commonwealth Investments, nuestra estrategia y nuestras ambiciones de crecimiento futuro respaldados por nuestros principios y valores empresariales, los cuales definen nuestro enfoque de la inversi\u00f3n en un mundo cada vez m\u00e1s conectado.<\/p>\n<img loading=\"lazy\" decoding=\"async\" class=\"size-full wp-image-23347 alignnone\" src=\"https:\/\/primevestcp.com\/wp-content\/uploads\/2023\/04\/Kaart-website-april-2023.jpg\" alt=\"\" width=\"627\" height=\"582\" \/>\n<blockquote>\n<h2>Primevest Capital Partners \u2013 Invirtiendo en las ciudades del futuro<\/h2>\n<\/blockquote>\n<p>La necesidad de ciudades m\u00e1s inteligentes est\u00e1 acelerando con una disrupci\u00f3n global sin precedentes y a medida que las personas se adaptan a nuevas formas de trabajar y vivir, vemos que la demanda de una vida moderna y asequible, de una mejor conectividad y movilidad aumenta. Nuestros inversores pueden beneficiarse de estas importantes tendencias del mercado y confiar en nosotros para obtener los rendimientos a largo plazo los cuales pueden lograrse mediante la inversi\u00f3n en infraestructura de activos reales necesaria para el futuro de nuestras ciudades.<\/p>\n<p><!--more--><\/p>\n<blockquote><p>La necesidad de ciudades m\u00e1s inteligentes est\u00e1 acelerando con una disrupci\u00f3n global sin precedentes y a medida que las personas se adaptan a nuevas formas de trabajar y vivir, vemos que la demanda de una vida moderna y asequible, de una mejor conectividad y movilidad aumenta.<\/p>\n<p>Peter Helfrich, Managing Director, Primevest<\/p><\/blockquote>\n<p>Nuestro conocimiento en los mercados especializados de activos reales, derivado de la amplia trayectoria de nuestro equipo, nos permite ofrecer, cuando creamos fondos o mandatos especiales, un s\u00f3lido asesoramiento a nuestros inversores sobre sus estrategias de inversi\u00f3n. Nuestra experiencia sumada a la confianza que nuestros inversores tienen en nosotros, son fundamentales para el \u00e9xito.<\/p>\n<p>Primevest Capital Partners Holding B.V. est\u00e1 formada por Primevest Capital Partners Nederland B.V., Primevest Capital Partners Deutschland GmbH y Holland Immo Group B.V. El Consejo de Administraci\u00f3n de Primevest Holding, compuesto por Peter Helfrich, Gaston Hupkens y Bart Pierik, es responsable indirecto de la gesti\u00f3n tanto de Primevest Capital Partners como de Holland Immo Group. Peter Helfrich y Gaston Hupkens son tambi\u00e9n miembros del consejo de Holland Immo Group.<\/p>\n<p>Desde nuestras oficinas de Utrecht, Eindhoven y Berl\u00edn, un equipo de 70 profesionales gestiona 3.000 millones de euros en activos incluyendo fondos centrados en sectores, mandatos institucionales individuales y una serie de fondos dirigidos a inversores privados, as\u00ed como a family offices, tras la adquisici\u00f3n del grupo Holland Immo. Primevest Capital Partners forma parte de Primevest Capital Partners Holding B.V.<\/p>\n","protected":false},"excerpt":{"rendered":"<p>Primevest Capital Partners es una boutique de inversi\u00f3n paneuropea especializada en inversiones en activos reales innovadores. En Primevest Capital Partners, nuestra visi\u00f3n es ayudar a nuestros clientes a asegurar su futuro financiero sostenible invirtiendo en el futuro de nuestras ciudades para hacer realidad una vida urbana sostenible, mejorar la conectividad y permitir la movilidad. Nuestra [&hellip;]<\/p>\n","protected":false},"author":2,"featured_media":20745,"parent":0,"menu_order":3,"comment_status":"closed","ping_status":"closed","template":"template_about.php","meta":{"_acf_changed":false,"footnotes":""},"class_list":["post-475","page","type-page","status-publish","has-post-thumbnail","hentry"],"acf":[],"aioseo_notices":[],"_links":{"self":[{"href":"https:\/\/primevestcp.com\/es\/wp-json\/wp\/v2\/pages\/475","targetHints":{"allow":["GET"]}}],"collection":[{"href":"https:\/\/primevestcp.com\/es\/wp-json\/wp\/v2\/pages"}],"about":[{"href":"https:\/\/primevestcp.com\/es\/wp-json\/wp\/v2\/types\/page"}],"author":[{"embeddable":true,"href":"https:\/\/primevestcp.com\/es\/wp-json\/wp\/v2\/users\/2"}],"replies":[{"embeddable":true,"href":"https:\/\/primevestcp.com\/es\/wp-json\/wp\/v2\/comments?post=475"}],"version-history":[{"count":27,"href":"https:\/\/primevestcp.com\/es\/wp-json\/wp\/v2\/pages\/475\/revisions"}],"predecessor-version":[{"id":23351,"href":"https:\/\/primevestcp.com\/es\/wp-json\/wp\/v2\/pages\/475\/revisions\/23351"}],"wp:featuredmedia":[{"embeddable":true,"href":"https:\/\/primevestcp.com\/es\/wp-json\/wp\/v2\/media\/20745"}],"wp:attachment":[{"href":"https:\/\/primevestcp.com\/es\/wp-json\/wp\/v2\/media?parent=475"}],"curies":[{"name":"wp","href":"https:\/\/api.w.org\/{rel}","templated":true}]}}