{"id":484,"date":"2021-05-31T13:17:40","date_gmt":"2021-05-31T13:17:40","guid":{"rendered":"https:\/\/primevestcp.com\/about\/vision\/"},"modified":"2025-11-20T17:06:53","modified_gmt":"2025-11-20T16:06:53","slug":"sostenibilidad","status":"publish","type":"page","link":"https:\/\/primevestcp.com\/es\/about\/sostenibilidad\/","title":{"rendered":"Sostenibilidad (ASG)"},"content":{"rendered":"<p>Nuestro objetivo es desarrollar un enfoque coherente en materia de ASG tanto en nuestras oficinas como en las tres \u00e1reas de negocio y en nuestros fondos, aunque cada uno de ellos se encuentra en diferentes etapas de desarrollo en funci\u00f3n de las necesidades de los inversores y del impacto del activo real subyacente.<\/p>\n<p>Nuestra misi\u00f3n es invertir en el futuro de las ciudades y, como tal, consideramos que el ODS 11 de las Naciones Unidas &#8211; Ciudades y Comunidades Sostenibles &#8211; es la ambici\u00f3n general de nuestra agenda de ASG.<\/p>\n<p><a href=\"https:\/\/www.un.org\/sustainabledevelopment\/cities\/\" target=\"_blank\" rel=\"noopener\">UNODS 11 &#8211; Conseguir que las ciudades sean inclusivos, seguras, resilientes y sostenibles<\/a><\/p>\n<p>La urbanizaci\u00f3n contin\u00faa en todo el mundo y nuestras ciudades siguen expandi\u00e9ndose. Este objetivo se centra en estructurar estas grandes ciudades de forma sostenible: de forma segura, inteligente y centrada en las personas y el medio ambiente. La innovaci\u00f3n tecnol\u00f3gica y medioambiental son los factores vinculantes y, de un modo u otro, todos nuestros fondos contribuyen al desarrollo de las ciudades sostenibles.<\/p>\n<ul>\n<li><strong>Tecnolog\u00eda:<\/strong> proporciona la columna vertebral de la infraestructura al suministrar la tecnolog\u00eda y los datos que permiten a las personas llevar una vida m\u00e1s sostenible.<\/li>\n<li><strong>Residencial:<\/strong> proporciona a los habitantes de nuestras ciudades una vivienda moderna y asequible, y junto con nuestros inversores trabajamos para garantizar que las viviendas que entregamos se crean pensando en la sostenibilidad a largo plazo.<\/li>\n<li><strong>Estacionamiento:<\/strong> los aparcamientos se est\u00e1n convirtiendo en n\u00facleos de movilidad para los centros urbanos. No s\u00f3lo proporcionan un techo para los coches, sino que sacan los veh\u00edculos de las calles y est\u00e1n empezando a ofrecer usos m\u00e1s amplios, como nodos de entrega y recogida se paquetes. Sorprendentemente, los aparcamientos son uno de los activos reales m\u00e1s eficientes desde el punto de vista energ\u00e9tico.<\/li>\n<\/ul>\n","protected":false},"excerpt":{"rendered":"<p>En Primevest Capital Partners nuestro marco Ambiental, Social y de Gobierno corporativo (ASG) se basa en los 17 objetivos de desarollo sostenible de la ONU o ODS, los cuales fueron adoptados por todos los Estados miembros de las Naciones Unidas en el a\u00f1o 2015.<\/p>\n","protected":false},"author":2,"featured_media":23200,"parent":475,"menu_order":2,"comment_status":"closed","ping_status":"closed","template":"template_esg.php","meta":{"_acf_changed":false,"footnotes":""},"class_list":["post-484","page","type-page","status-publish","has-post-thumbnail","hentry"],"acf":[],"aioseo_notices":[],"_links":{"self":[{"href":"https:\/\/primevestcp.com\/es\/wp-json\/wp\/v2\/pages\/484","targetHints":{"allow":["GET"]}}],"collection":[{"href":"https:\/\/primevestcp.com\/es\/wp-json\/wp\/v2\/pages"}],"about":[{"href":"https:\/\/primevestcp.com\/es\/wp-json\/wp\/v2\/types\/page"}],"author":[{"embeddable":true,"href":"https:\/\/primevestcp.com\/es\/wp-json\/wp\/v2\/users\/2"}],"replies":[{"embeddable":true,"href":"https:\/\/primevestcp.com\/es\/wp-json\/wp\/v2\/comments?post=484"}],"version-history":[{"count":11,"href":"https:\/\/primevestcp.com\/es\/wp-json\/wp\/v2\/pages\/484\/revisions"}],"predecessor-version":[{"id":25257,"href":"https:\/\/primevestcp.com\/es\/wp-json\/wp\/v2\/pages\/484\/revisions\/25257"}],"up":[{"embeddable":true,"href":"https:\/\/primevestcp.com\/es\/wp-json\/wp\/v2\/pages\/475"}],"wp:featuredmedia":[{"embeddable":true,"href":"https:\/\/primevestcp.com\/es\/wp-json\/wp\/v2\/media\/23200"}],"wp:attachment":[{"href":"https:\/\/primevestcp.com\/es\/wp-json\/wp\/v2\/media?parent=484"}],"curies":[{"name":"wp","href":"https:\/\/api.w.org\/{rel}","templated":true}]}}