{"id":498,"date":"2021-05-31T13:18:17","date_gmt":"2021-05-31T13:18:17","guid":{"rendered":"https:\/\/primevestcp.com\/about\/careers\/"},"modified":"2025-03-04T11:43:29","modified_gmt":"2025-03-04T10:43:29","slug":"careers","status":"publish","type":"page","link":"https:\/\/primevestcp.com\/es\/about\/careers\/","title":{"rendered":"Trabaja con nosotros"},"content":{"rendered":"<p>El mundo de la inversi\u00f3n inmobiliaria transfronteriza es divertido. Contamos con un equipo muy unido, con sede en las oficinas de Utrecht y Berl\u00edn, que proceden de todo el mundo. Multiling\u00fces y multiculturales, tenemos una mentalidad verdaderamente internacional. Tambi\u00e9n nos gusta fomentar el talento. Hemos establecido colaboraciones con FRESH Students y Foreas, la plataforma holandesa de desarrollo estudiantil, a trav\u00e9s de ella ofrecemos un programa de pr\u00e1cticas.<\/p>\n<p>Siempre nos complace saber de personas con talento que buscan avanzar en su carrera en la gesti\u00f3n de inversiones en activos reales. Si quiere saber m\u00e1s, env\u00edenos un correo electr\u00f3nico a <a href=\"mailto:info@primevestcp.com\">info@primevestcp.com<\/a><\/p>\n<p>&nbsp;<\/p>\n<div class=\"cleardiv\"><\/div>\n<div class=\"space large\"><\/div>\n<div style=\"padding: 56.25% 0 0 0; position: relative;\"><iframe style=\"position: absolute; top: 0; left: 0; width: 100%; height: 100%;\" src=\"https:\/\/player.vimeo.com\/video\/867877881?h=997942ab36&amp;loop=1&amp;title=1\" frameborder=\"0\" allowfullscreen=\"allowfullscreen\"><\/iframe><\/div>\n<script src=\"https:\/\/player.vimeo.com\/api\/player.js\"><\/script>\n","protected":false},"excerpt":{"rendered":"<p>Trabaja con nosotros<br \/>\nNuestros empleados son nuestro capital m\u00e1s importante, por eso invertimos continuamente en nuestro personal. La formaci\u00f3n y la orientaci\u00f3n profesional garantizan una mano de obra de alta calidad.<\/p>\n","protected":false},"author":2,"featured_media":18143,"parent":475,"menu_order":4,"comment_status":"closed","ping_status":"closed","template":"template_careers_backup.php","meta":{"_acf_changed":false,"footnotes":""},"class_list":["post-498","page","type-page","status-publish","has-post-thumbnail","hentry"],"acf":[],"aioseo_notices":[],"_links":{"self":[{"href":"https:\/\/primevestcp.com\/es\/wp-json\/wp\/v2\/pages\/498","targetHints":{"allow":["GET"]}}],"collection":[{"href":"https:\/\/primevestcp.com\/es\/wp-json\/wp\/v2\/pages"}],"about":[{"href":"https:\/\/primevestcp.com\/es\/wp-json\/wp\/v2\/types\/page"}],"author":[{"embeddable":true,"href":"https:\/\/primevestcp.com\/es\/wp-json\/wp\/v2\/users\/2"}],"replies":[{"embeddable":true,"href":"https:\/\/primevestcp.com\/es\/wp-json\/wp\/v2\/comments?post=498"}],"version-history":[{"count":15,"href":"https:\/\/primevestcp.com\/es\/wp-json\/wp\/v2\/pages\/498\/revisions"}],"predecessor-version":[{"id":24943,"href":"https:\/\/primevestcp.com\/es\/wp-json\/wp\/v2\/pages\/498\/revisions\/24943"}],"up":[{"embeddable":true,"href":"https:\/\/primevestcp.com\/es\/wp-json\/wp\/v2\/pages\/475"}],"wp:featuredmedia":[{"embeddable":true,"href":"https:\/\/primevestcp.com\/es\/wp-json\/wp\/v2\/media\/18143"}],"wp:attachment":[{"href":"https:\/\/primevestcp.com\/es\/wp-json\/wp\/v2\/media?parent=498"}],"curies":[{"name":"wp","href":"https:\/\/api.w.org\/{rel}","templated":true}]}}